{"id":26155,"date":"2026-01-21T09:11:15","date_gmt":"2026-01-21T08:11:15","guid":{"rendered":"https:\/\/sensorial.coffee\/?post_type=product&#038;p=26155"},"modified":"2026-02-26T17:36:33","modified_gmt":"2026-02-26T16:36:33","slug":"rocket-bicocca-inox","status":"publish","type":"product","link":"https:\/\/sensorial.coffee\/en\/product\/rocket-bicocca-inox\/","title":{"rendered":"Rocket Bicocca Inox"},"content":{"rendered":"<div class=\"st_read_more_box\">\n<p>La audaz arquitectura de Bicocca es una se\u00f1al visual de la ingenier\u00eda interna de la m\u00e1quina que est\u00e1 dise\u00f1ada para superar las necesidades incluso del barista dom\u00e9stico m\u00e1s exigente.<\/p>\n<p>El dise\u00f1o rinde homenaje a sus capacidades t\u00e9cnicas con una interfaz t\u00e1ctil intuitiva colocada en la cara superior del cabezal del grupo. Esto permite un control a\u00fan m\u00e1s refinado de la entrega del caf\u00e9, la piedra angular del rendimiento a nivel profesional.<\/p>\n<p>Calderas dobles de acero inoxidable. Bomba rotativa con dep\u00f3sito de agua o conexi\u00f3n directa de agua. Opciones de acabado en acero inoxidable o negro mate.<\/p>\n<p>El cuerpo de la m\u00e1quina Bicocca es atrevido y decidido en su dise\u00f1o est\u00e9tico, reflejando las caracter\u00edsticas t\u00e9cnicas innovadoras del producto. El planteamiento arquitect\u00f3nico queda demostrado cuando observamos el dise\u00f1o de los laterales de los paneles de la m\u00e1quina, inspirados en el \u201csillar\u201d, elemento caracter\u00edstico de la bella arquitectura renacentista.<\/p>\n<p><strong>ESPECIFICACIONES<\/strong><\/p>\n<p>CALDERA DOBLE DE ACERO INOXIDABLE &#8211; S\u00ed<\/p>\n<p>CAPACIDAD DE LA CALDERA DE CAF\u00c9 &#8211; 0,5 litros<\/p>\n<p>CAPACIDAD DE LA CALDERA &#8211; 1,5 litros<\/p>\n<p>BOMBA ROTATIVA &#8211; S\u00ed<\/p>\n<p>POTENCIA &#8211; 220-240V | 50\/60Hz | 1600W<\/p>\n<p>PESO &#8211; 35 kilos<\/p>\n<p>REVESTIMIENTO DE CALDERA PARA AHORRO ENERG\u00c9TICO &#8211; S\u00ed<\/p>\n<p>CONEXI\u00d3N DE AGUA O DEP\u00d3SITO DE AGUA &#8211; S\u00ed<\/p>\n<p>CAPACIDAD DEL TANQUE DE AGUA &#8211; 1,8 litros<\/p>\n<p>SENSOR DE RESERVA DEL TANQUE &#8211; S\u00ed<\/p>\n<p>DIMENSIONES &#8211; 409 ancho \u00d7 465 profundidad \u00d7 400 alto mm<\/p>\n<p>PANTALLA T\u00c1CTIL DE 3,5&#8221; CON NUEVA HMI &#8211; S\u00ed<\/p>\n<div class=\"ast-oembed-container \" style=\"height: 100%;\"><iframe title=\"Rocket Bicocca\" src=\"https:\/\/player.vimeo.com\/video\/873875231?dnt=1&amp;app_id=122963\" width=\"500\" height=\"281\" frameborder=\"0\" allow=\"autoplay; fullscreen; picture-in-picture; clipboard-write; encrypted-media; web-share\" referrerpolicy=\"strict-origin-when-cross-origin\"><\/iframe><\/div>\n<\/div>\n","protected":false},"excerpt":{"rendered":"<div class=\"st_read_more_box\">La incesante b\u00fasqueda de mejoras de Rocket implica un an\u00e1lisis riguroso de nuevas tecnolog\u00edas, desafiar las tradiciones hist\u00f3ricas y adoptar m\u00e9todos experimentales innovadores. El resultado: Rocket Bicocca, una m\u00e1quina de caf\u00e9 espresso y una experiencia dise\u00f1ada para los conocedores del caf\u00e9 m\u00e1s exigentes.<\/div>\n","protected":false},"featured_media":26156,"comment_status":"open","ping_status":"closed","template":"","meta":{"site-sidebar-layout":"default","site-content-layout":"","ast-site-content-layout":"default","site-content-style":"default","site-sidebar-style":"default","ast-global-header-display":"","ast-banner-title-visibility":"","ast-main-header-display":"","ast-hfb-above-header-display":"","ast-hfb-below-header-display":"","ast-hfb-mobile-header-display":"","site-post-title":"","ast-breadcrumbs-content":"","ast-featured-img":"","footer-sml-layout":"","ast-disable-related-posts":"","theme-transparent-header-meta":"default","adv-header-id-meta":"","stick-header-meta":"","header-above-stick-meta":"","header-main-stick-meta":"","header-below-stick-meta":"","astra-migrate-meta-layouts":"set","ast-page-background-enabled":"default","ast-page-background-meta":{"desktop":{"background-color":"var(--ast-global-color-4)","background-image":"","background-repeat":"repeat","background-position":"center center","background-size":"auto","background-attachment":"scroll","background-type":"","background-media":"","overlay-type":"","overlay-color":"","overlay-opacity":"","overlay-gradient":""},"tablet":{"background-color":"","background-image":"","background-repeat":"repeat","background-position":"center center","background-size":"auto","background-attachment":"scroll","background-type":"","background-media":"","overlay-type":"","overlay-color":"","overlay-opacity":"","overlay-gradient":""},"mobile":{"background-color":"","background-image":"","background-repeat":"repeat","background-position":"center center","background-size":"auto","background-attachment":"scroll","background-type":"","background-media":"","overlay-type":"","overlay-color":"","overlay-opacity":"","overlay-gradient":""}},"ast-content-background-meta":{"desktop":{"background-color":"var(--ast-global-color-5)","background-image":"","background-repeat":"repeat","background-position":"center center","background-size":"auto","background-attachment":"scroll","background-type":"","background-media":"","overlay-type":"","overlay-color":"","overlay-opacity":"","overlay-gradient":""},"tablet":{"background-color":"var(--ast-global-color-5)","background-image":"","background-repeat":"repeat","background-position":"center center","background-size":"auto","background-attachment":"scroll","background-type":"","background-media":"","overlay-type":"","overlay-color":"","overlay-opacity":"","overlay-gradient":""},"mobile":{"background-color":"var(--ast-global-color-5)","background-image":"","background-repeat":"repeat","background-position":"center center","background-size":"auto","background-attachment":"scroll","background-type":"","background-media":"","overlay-type":"","overlay-color":"","overlay-opacity":"","overlay-gradient":""}}},"product_brand":[],"product_cat":[101,100],"product_tag":[586,587,105],"class_list":{"0":"post-26155","1":"product","2":"type-product","3":"status-publish","4":"has-post-thumbnail","6":"product_cat-cafeteras","7":"product_cat-equipamiento","8":"product_tag-accesorios","9":"product_tag-cafeteras","10":"product_tag-equipamiento","11":"desktop-align-left","12":"tablet-align-left","13":"mobile-align-left","15":"first","16":"instock","17":"taxable","18":"shipping-taxable","19":"purchasable","20":"product-type-simple"},"_links":{"self":[{"href":"https:\/\/sensorial.coffee\/en\/wp-json\/wp\/v2\/product\/26155","targetHints":{"allow":["GET"]}}],"collection":[{"href":"https:\/\/sensorial.coffee\/en\/wp-json\/wp\/v2\/product"}],"about":[{"href":"https:\/\/sensorial.coffee\/en\/wp-json\/wp\/v2\/types\/product"}],"replies":[{"embeddable":true,"href":"https:\/\/sensorial.coffee\/en\/wp-json\/wp\/v2\/comments?post=26155"}],"version-history":[{"count":4,"href":"https:\/\/sensorial.coffee\/en\/wp-json\/wp\/v2\/product\/26155\/revisions"}],"predecessor-version":[{"id":26222,"href":"https:\/\/sensorial.coffee\/en\/wp-json\/wp\/v2\/product\/26155\/revisions\/26222"}],"wp:featuredmedia":[{"embeddable":true,"href":"https:\/\/sensorial.coffee\/en\/wp-json\/wp\/v2\/media\/26156"}],"wp:attachment":[{"href":"https:\/\/sensorial.coffee\/en\/wp-json\/wp\/v2\/media?parent=26155"}],"wp:term":[{"taxonomy":"product_brand","embeddable":true,"href":"https:\/\/sensorial.coffee\/en\/wp-json\/wp\/v2\/product_brand?post=26155"},{"taxonomy":"product_cat","embeddable":true,"href":"https:\/\/sensorial.coffee\/en\/wp-json\/wp\/v2\/product_cat?post=26155"},{"taxonomy":"product_tag","embeddable":true,"href":"https:\/\/sensorial.coffee\/en\/wp-json\/wp\/v2\/product_tag?post=26155"}],"curies":[{"name":"wp","href":"https:\/\/api.w.org\/{rel}","templated":true}]}}