{"id":26277,"date":"2026-01-21T10:16:55","date_gmt":"2026-01-21T09:16:55","guid":{"rendered":"https:\/\/sensorial.coffee\/?post_type=product&#038;p=26277"},"modified":"2026-02-26T17:39:19","modified_gmt":"2026-02-26T16:39:19","slug":"rocket-giotto-fast-v-inox","status":"publish","type":"product","link":"https:\/\/sensorial.coffee\/en\/product\/rocket-giotto-fast-v-inox\/","title":{"rendered":"Rocket Giotto Fast V Inox"},"content":{"rendered":"<div class=\"st_read_more_box\">\n<p><strong>FILOSOF\u00cdA DE DISE\u00d1O<\/strong><\/p>\n<p>Giotto Fast encarna los valores fundamentales de Rocket Espresso, combinando a la perfecci\u00f3n el alto rendimiento con una est\u00e9tica impactante. Inspirado en la escultura futurista y en arquitectos ic\u00f3nicos como Gehry y Libeskind, Giotto presenta l\u00edneas entrecruzadas n\u00edtidas y un efecto crom\u00e1tico \u00fanico, que personifica tanto la potencia como la elegancia.<\/p>\n<p><strong>CARACTER\u00cdSTICAS PRINCIPALES<\/strong><\/p>\n<p><strong>Tiempo de calentamiento r\u00e1pido<\/strong>: dise\u00f1ada para calentarse r\u00e1pidamente, lo que garantiza que su m\u00e1quina est\u00e9 lista para preparar caf\u00e9 en un tiempo incre\u00edblemente corto.Acabados dobles: disponible en un cuerpo cromado con panel lateral negro mate y letras negras brillantes, o un cuerpo negro mate con panel lateral y letras negras brillantes.<\/p>\n<p><strong>Funcionalidad avanzada<\/strong>: Equipada con pantalla OLED para visualizar tiempos de dispensaci\u00f3n, gestionar ajustes de la m\u00e1quina y monitorizar errores.<\/p>\n<p><strong>Ajustes personalizables<\/strong>: El nuevo sistema electr\u00f3nico permite regular la presi\u00f3n de la caldera, la funci\u00f3n stand-by y los niveles de luminosidad de los LED.<\/p>\n<p><strong>Tecnolog\u00eda innovadora<\/strong>: Incorpora un sistema de intercambiador de calor, control PID, pantalla de contador de dosis, unidad de caf\u00e9 (cabezal de grupo) con elemento calefactor y man\u00f3metros dobles.<\/p>\n<\/div>\n","protected":false},"excerpt":{"rendered":"<p>Rocket Espresso presenta Giotto Fast, dise\u00f1ada para llevar la experiencia perfecta de espresso a tu hogar con una velocidad y precisi\u00f3n sin precedentes. Los modelos Giotto R y Giotto V Fast combinan un dise\u00f1o sofisticado con tecnolog\u00eda avanzada incluso para los amantes del caf\u00e9 m\u00e1s exigentes. R\u00e1pida, pero sin concesiones.<\/p>\n","protected":false},"featured_media":26278,"comment_status":"open","ping_status":"closed","template":"","meta":{"site-sidebar-layout":"default","site-content-layout":"","ast-site-content-layout":"default","site-content-style":"default","site-sidebar-style":"default","ast-global-header-display":"","ast-banner-title-visibility":"","ast-main-header-display":"","ast-hfb-above-header-display":"","ast-hfb-below-header-display":"","ast-hfb-mobile-header-display":"","site-post-title":"","ast-breadcrumbs-content":"","ast-featured-img":"","footer-sml-layout":"","ast-disable-related-posts":"","theme-transparent-header-meta":"default","adv-header-id-meta":"","stick-header-meta":"","header-above-stick-meta":"","header-main-stick-meta":"","header-below-stick-meta":"","astra-migrate-meta-layouts":"set","ast-page-background-enabled":"default","ast-page-background-meta":{"desktop":{"background-color":"var(--ast-global-color-4)","background-image":"","background-repeat":"repeat","background-position":"center center","background-size":"auto","background-attachment":"scroll","background-type":"","background-media":"","overlay-type":"","overlay-color":"","overlay-opacity":"","overlay-gradient":""},"tablet":{"background-color":"","background-image":"","background-repeat":"repeat","background-position":"center center","background-size":"auto","background-attachment":"scroll","background-type":"","background-media":"","overlay-type":"","overlay-color":"","overlay-opacity":"","overlay-gradient":""},"mobile":{"background-color":"","background-image":"","background-repeat":"repeat","background-position":"center center","background-size":"auto","background-attachment":"scroll","background-type":"","background-media":"","overlay-type":"","overlay-color":"","overlay-opacity":"","overlay-gradient":""}},"ast-content-background-meta":{"desktop":{"background-color":"var(--ast-global-color-5)","background-image":"","background-repeat":"repeat","background-position":"center center","background-size":"auto","background-attachment":"scroll","background-type":"","background-media":"","overlay-type":"","overlay-color":"","overlay-opacity":"","overlay-gradient":""},"tablet":{"background-color":"var(--ast-global-color-5)","background-image":"","background-repeat":"repeat","background-position":"center center","background-size":"auto","background-attachment":"scroll","background-type":"","background-media":"","overlay-type":"","overlay-color":"","overlay-opacity":"","overlay-gradient":""},"mobile":{"background-color":"var(--ast-global-color-5)","background-image":"","background-repeat":"repeat","background-position":"center center","background-size":"auto","background-attachment":"scroll","background-type":"","background-media":"","overlay-type":"","overlay-color":"","overlay-opacity":"","overlay-gradient":""}}},"product_brand":[],"product_cat":[101,100],"product_tag":[586,587,105],"class_list":{"0":"post-26277","1":"product","2":"type-product","3":"status-publish","4":"has-post-thumbnail","6":"product_cat-cafeteras","7":"product_cat-equipamiento","8":"product_tag-accesorios","9":"product_tag-cafeteras","10":"product_tag-equipamiento","11":"desktop-align-left","12":"tablet-align-left","13":"mobile-align-left","15":"first","16":"instock","17":"taxable","18":"shipping-taxable","19":"purchasable","20":"product-type-simple"},"_links":{"self":[{"href":"https:\/\/sensorial.coffee\/en\/wp-json\/wp\/v2\/product\/26277","targetHints":{"allow":["GET"]}}],"collection":[{"href":"https:\/\/sensorial.coffee\/en\/wp-json\/wp\/v2\/product"}],"about":[{"href":"https:\/\/sensorial.coffee\/en\/wp-json\/wp\/v2\/types\/product"}],"replies":[{"embeddable":true,"href":"https:\/\/sensorial.coffee\/en\/wp-json\/wp\/v2\/comments?post=26277"}],"version-history":[{"count":2,"href":"https:\/\/sensorial.coffee\/en\/wp-json\/wp\/v2\/product\/26277\/revisions"}],"predecessor-version":[{"id":26312,"href":"https:\/\/sensorial.coffee\/en\/wp-json\/wp\/v2\/product\/26277\/revisions\/26312"}],"wp:featuredmedia":[{"embeddable":true,"href":"https:\/\/sensorial.coffee\/en\/wp-json\/wp\/v2\/media\/26278"}],"wp:attachment":[{"href":"https:\/\/sensorial.coffee\/en\/wp-json\/wp\/v2\/media?parent=26277"}],"wp:term":[{"taxonomy":"product_brand","embeddable":true,"href":"https:\/\/sensorial.coffee\/en\/wp-json\/wp\/v2\/product_brand?post=26277"},{"taxonomy":"product_cat","embeddable":true,"href":"https:\/\/sensorial.coffee\/en\/wp-json\/wp\/v2\/product_cat?post=26277"},{"taxonomy":"product_tag","embeddable":true,"href":"https:\/\/sensorial.coffee\/en\/wp-json\/wp\/v2\/product_tag?post=26277"}],"curies":[{"name":"wp","href":"https:\/\/api.w.org\/{rel}","templated":true}]}}