{"id":26442,"date":"2026-01-27T19:38:28","date_gmt":"2026-01-27T18:38:28","guid":{"rendered":"https:\/\/sensorial.coffee\/?post_type=product&#038;p=26442"},"modified":"2026-02-26T17:03:06","modified_gmt":"2026-02-26T16:03:06","slug":"lelit-victoria","status":"publish","type":"product","link":"https:\/\/sensorial.coffee\/en\/product\/lelit-victoria\/","title":{"rendered":"Lelit Victoria"},"content":{"rendered":"<p>La mejor est\u00e9tica y tecnolog\u00eda profesional en un espacio reducido: Lelit Victoria es una aut\u00e9ntica pieza de dise\u00f1o. Lista en pocos minutos, permite m\u00e1s extracciones consecutivas, mayor disponibilidad de vapor y una mejor estabilidad t\u00e9rmica gracias al grupo comercial LELIT58.<\/p>\n","protected":false},"excerpt":{"rendered":"<p><strong>LCC<\/strong><\/p>\n<p>El sistema de control electr\u00f3nico LELIT (LCC) con pantalla gr\u00e1fica OLED permite activar la preinfusi\u00f3n y programar el ciclo de lavado autom\u00e1tico para la limpieza ordinaria y el tiempo de espera seg\u00fan la norma CEI EN 50564. La pantalla muestra tambi\u00e9n la temperatura del caf\u00e9, del agua y del vapor, as\u00ed como el tiempo de infusi\u00f3n ascendente (cron\u00f3metro). Adem\u00e1s, indica la falta de agua en el tanque y activa autom\u00e1ticamente el &#8220;modo de reserva&#8221;.<\/p>\n<p><strong>Man\u00f3metro<\/strong><\/p>\n<p>El man\u00f3metro negro retroiluminado controla la presi\u00f3n de salida del caf\u00e9: la zona verde, entre 8 y 12 bares, indica el valor \u00f3ptimo y permite comprender si las fases previas a la infusi\u00f3n se han ejecutado correctamente<\/p>\n<p><strong>Varilla multidireccional<\/strong><\/p>\n<p>La varilla multidireccional con mango antiquemaduras proporciona agua caliente y vapor, para una espuma como la del bar. Las funciones de agua y vapor se pueden activar con los botones frontales y ajustar con el mando lateral<\/p>\n<p><strong>Contenido de la caja<\/strong><\/p>\n<p>LELIT58 Portafiltro de 2 v\u00edas con mango de dise\u00f1o y boquilla Coffee Slide \/ LELIT58 Filtro de 1 dosis (9-11 g), IMS \/ LELIT58 Filtro de 2 dosis (14-18 g), IMS \/ LELIT58 Filtro ciego, IMS \/ Tamper \/ Cuchara para caf\u00e9 en polvo \/ Filtro descalcificador de 35 l \/ Soporte para tazas<\/p>\n<p>https:\/\/www.youtube.com\/watch?v=A3FgJItpNVg<\/p>\n","protected":false},"featured_media":26470,"comment_status":"open","ping_status":"closed","template":"","meta":{"site-sidebar-layout":"default","site-content-layout":"","ast-site-content-layout":"default","site-content-style":"default","site-sidebar-style":"default","ast-global-header-display":"","ast-banner-title-visibility":"","ast-main-header-display":"","ast-hfb-above-header-display":"","ast-hfb-below-header-display":"","ast-hfb-mobile-header-display":"","site-post-title":"","ast-breadcrumbs-content":"","ast-featured-img":"","footer-sml-layout":"","ast-disable-related-posts":"","theme-transparent-header-meta":"default","adv-header-id-meta":"","stick-header-meta":"","header-above-stick-meta":"","header-main-stick-meta":"","header-below-stick-meta":"","astra-migrate-meta-layouts":"set","ast-page-background-enabled":"default","ast-page-background-meta":{"desktop":{"background-color":"var(--ast-global-color-4)","background-image":"","background-repeat":"repeat","background-position":"center center","background-size":"auto","background-attachment":"scroll","background-type":"","background-media":"","overlay-type":"","overlay-color":"","overlay-opacity":"","overlay-gradient":""},"tablet":{"background-color":"","background-image":"","background-repeat":"repeat","background-position":"center center","background-size":"auto","background-attachment":"scroll","background-type":"","background-media":"","overlay-type":"","overlay-color":"","overlay-opacity":"","overlay-gradient":""},"mobile":{"background-color":"","background-image":"","background-repeat":"repeat","background-position":"center center","background-size":"auto","background-attachment":"scroll","background-type":"","background-media":"","overlay-type":"","overlay-color":"","overlay-opacity":"","overlay-gradient":""}},"ast-content-background-meta":{"desktop":{"background-color":"var(--ast-global-color-5)","background-image":"","background-repeat":"repeat","background-position":"center center","background-size":"auto","background-attachment":"scroll","background-type":"","background-media":"","overlay-type":"","overlay-color":"","overlay-opacity":"","overlay-gradient":""},"tablet":{"background-color":"var(--ast-global-color-5)","background-image":"","background-repeat":"repeat","background-position":"center center","background-size":"auto","background-attachment":"scroll","background-type":"","background-media":"","overlay-type":"","overlay-color":"","overlay-opacity":"","overlay-gradient":""},"mobile":{"background-color":"var(--ast-global-color-5)","background-image":"","background-repeat":"repeat","background-position":"center center","background-size":"auto","background-attachment":"scroll","background-type":"","background-media":"","overlay-type":"","overlay-color":"","overlay-opacity":"","overlay-gradient":""}}},"product_brand":[],"product_cat":[101,100],"product_tag":[586,587,105],"class_list":{"0":"post-26442","1":"product","2":"type-product","3":"status-publish","4":"has-post-thumbnail","6":"product_cat-cafeteras","7":"product_cat-equipamiento","8":"product_tag-accesorios","9":"product_tag-cafeteras","10":"product_tag-equipamiento","11":"desktop-align-left","12":"tablet-align-left","13":"mobile-align-left","15":"first","16":"instock","17":"taxable","18":"shipping-taxable","19":"purchasable","20":"product-type-simple"},"_links":{"self":[{"href":"https:\/\/sensorial.coffee\/en\/wp-json\/wp\/v2\/product\/26442","targetHints":{"allow":["GET"]}}],"collection":[{"href":"https:\/\/sensorial.coffee\/en\/wp-json\/wp\/v2\/product"}],"about":[{"href":"https:\/\/sensorial.coffee\/en\/wp-json\/wp\/v2\/types\/product"}],"replies":[{"embeddable":true,"href":"https:\/\/sensorial.coffee\/en\/wp-json\/wp\/v2\/comments?post=26442"}],"version-history":[{"count":4,"href":"https:\/\/sensorial.coffee\/en\/wp-json\/wp\/v2\/product\/26442\/revisions"}],"predecessor-version":[{"id":26494,"href":"https:\/\/sensorial.coffee\/en\/wp-json\/wp\/v2\/product\/26442\/revisions\/26494"}],"wp:featuredmedia":[{"embeddable":true,"href":"https:\/\/sensorial.coffee\/en\/wp-json\/wp\/v2\/media\/26470"}],"wp:attachment":[{"href":"https:\/\/sensorial.coffee\/en\/wp-json\/wp\/v2\/media?parent=26442"}],"wp:term":[{"taxonomy":"product_brand","embeddable":true,"href":"https:\/\/sensorial.coffee\/en\/wp-json\/wp\/v2\/product_brand?post=26442"},{"taxonomy":"product_cat","embeddable":true,"href":"https:\/\/sensorial.coffee\/en\/wp-json\/wp\/v2\/product_cat?post=26442"},{"taxonomy":"product_tag","embeddable":true,"href":"https:\/\/sensorial.coffee\/en\/wp-json\/wp\/v2\/product_tag?post=26442"}],"curies":[{"name":"wp","href":"https:\/\/api.w.org\/{rel}","templated":true}]}}