{"id":26752,"date":"2026-02-15T22:38:29","date_gmt":"2026-02-15T21:38:29","guid":{"rendered":"https:\/\/sensorial.coffee\/?post_type=product&#038;p=26752"},"modified":"2026-02-26T17:01:28","modified_gmt":"2026-02-26T16:01:28","slug":"balanza-outin-claro","status":"publish","type":"product","link":"https:\/\/sensorial.coffee\/en\/product\/balanza-outin-claro\/","title":{"rendered":"Balanza Outin Claro"},"content":{"rendered":"<div class=\"prose\">\n<ul>\n<li><span data-sheets-root=\"1\"><strong>Dise\u00f1ado para portabilidad:<\/strong> El moderno dise\u00f1o circular del OutIn Claro elimina \u00e1ngulos innecesarios, optimizando espacio y permitiendo un manejo c\u00f3modo con una sola mano. Incluye un estuche protector resistente al agua y a los ara\u00f1azos.<\/span><\/li>\n<\/ul>\n<ul>\n<li><span data-sheets-root=\"1\"> <strong>Modos de Preparaci\u00f3n Inteligente:<\/strong> Optimiza tus resultados con los 3 modos inteligentes de preparaci\u00f3n de OutIn Claro \u2014 Manual, Espresso y Pour-Over. El OutIn Claro se integra f\u00e1cilmente a tu rutina al calcular autom\u00e1ticamente datos esenciales, como la proporci\u00f3n ideal de agua y caf\u00e9.<\/span><\/li>\n<li><span data-sheets-root=\"1\"> <strong>Precisi\u00f3n y Simplicidad:<\/strong> Controla el OutIn Claro (encendido\/apagado\/silencio) con un bot\u00f3n lateral f\u00e1cil de usar y disfruta una preparaci\u00f3n sin complicaciones con precisi\u00f3n de 0,1 gramos.<\/span><\/li>\n<li><span data-sheets-root=\"1\"> <strong>Protecci\u00f3n contra el calor y salpicaduras:<\/strong> la esterilla de silicona de grado alimenticio incluida con OutIn Claro protege contra salpicaduras y temperaturas excesivas.<\/span><\/li>\n<li><span data-sheets-root=\"1\"> <strong>Bater\u00eda recargable de larga duraci\u00f3n:<\/strong> realiza hasta 400 ciclos de preparaci\u00f3n con una sola carga. Modo de auto-reposo autom\u00e1tico despu\u00e9s de 120 segundos.<\/span><\/li>\n<\/ul>\n<p><span data-sheets-root=\"1\"><em>*Nota: Por favor, cumpla con las regulaciones internacionales de aerol\u00edneas. Lleve el dispositivo \u00fanicamente en su equipaje de mano y no lo utilice durante el vuelo.<\/em><\/span><\/p>\n<div class=\"ast-oembed-container \" style=\"height: 100%;\"><iframe title=\"How to Use the OutIn Claro Coffee Scale\" width=\"500\" height=\"281\" src=\"https:\/\/www.youtube.com\/embed\/ZTN1buzGroI?feature=oembed&#038;enablejsapi=1&#038;origin=https:\/\/sensorial.coffee\" frameborder=\"0\" allow=\"accelerometer; autoplay; clipboard-write; encrypted-media; gyroscope; picture-in-picture; web-share\" referrerpolicy=\"strict-origin-when-cross-origin\" allowfullscreen><\/iframe><\/div>\n<p>&nbsp;<\/p>\n<\/div>\n","protected":false},"excerpt":{"rendered":"<div class=\"st_read_more_box\">\n<p>Domina cada preparaci\u00f3n con los Modos Inteligentes<\/p>\n<p><strong>Modo Est\u00e1ndar<\/strong><\/p>\n<p>Inicia el temporizador con un solo toque y reinicia el peso cuando quieras con el bot\u00f3n Tara. La b\u00e1scula se apaga autom\u00e1ticamente tras 2 minutos de inactividad para ahorrar energ\u00eda.<\/p>\n<p><strong>M1: Modo Espresso<\/strong><\/p>\n<p>Realiza la tara autom\u00e1ticamente, inicia el cron\u00f3metro cuando sale el espresso y para cuando se detiene. Controla f\u00e1cilmente el peso y el tiempo de extracci\u00f3n para una preparaci\u00f3n perfecta.<\/p>\n<p><strong>M2: Modo Pour-Over<\/strong><\/p>\n<p>Memoriza el peso del caf\u00e9 molido y mide el peso del agua en tiempo real. Muestra de forma alterna el tiempo total de preparaci\u00f3n y la proporci\u00f3n caf\u00e9-agua durante 2 minutos antes de apagarse autom\u00e1ticamente.<\/p>\n<p><strong>Precisi\u00f3n Sin Esfuerzo<\/strong><\/p>\n<p>Un sencillo bot\u00f3n lateral permite encender, apagar o silenciar, con una precisi\u00f3n de 0,1 g para mediciones exactas desde 0,3 g hasta 2000 g.<\/p>\n<p><strong>Resistente al Calor y a las Salpicaduras<\/strong><\/p>\n<p>La esterilla de silicona de grado alimenticio incluida protege tu b\u00e1scula de altas temperaturas y derrames de l\u00edquidos, garantizando un rendimiento duradero.<\/p>\n<p><strong>Especificaciones del Producto<\/strong><\/p>\n<p>Dimensiones<\/p>\n<p>\u03a6 111*20mm<\/p>\n<p>Peso<\/p>\n<p>145\u202fg sin esterilla de silicona (5.1\u202foz)<\/p>\n<p>175\u202fg con esterilla de silicona (6.2\u202foz)<\/p>\n<p>Rango de pesaje<\/p>\n<p>0.3g &#8211; 2000g (0.01oz &#8211; 70oz)<\/p>\n<p>Precisi\u00f3n<\/p>\n<p>0.1g \/ 0.01oz<\/p>\n<p>Unidades de Medida<\/p>\n<p>g \/ oz<\/p>\n<p>Rango del temporizador<\/p>\n<p>9 min 59 s<\/p>\n<p>Capacidad de bater\u00eda<\/p>\n<p>700mAh<\/p>\n<p>Temperatura de almacenamiento<\/p>\n<p>0\u00b0C~55\u00b0C \/ 32\u00b0F~131\u00b0F<\/p>\n<\/div>\n","protected":false},"featured_media":26753,"comment_status":"open","ping_status":"closed","template":"","meta":{"site-sidebar-layout":"default","site-content-layout":"","ast-site-content-layout":"default","site-content-style":"default","site-sidebar-style":"default","ast-global-header-display":"","ast-banner-title-visibility":"","ast-main-header-display":"","ast-hfb-above-header-display":"","ast-hfb-below-header-display":"","ast-hfb-mobile-header-display":"","site-post-title":"","ast-breadcrumbs-content":"","ast-featured-img":"","footer-sml-layout":"","ast-disable-related-posts":"","theme-transparent-header-meta":"default","adv-header-id-meta":"","stick-header-meta":"","header-above-stick-meta":"","header-main-stick-meta":"","header-below-stick-meta":"","astra-migrate-meta-layouts":"set","ast-page-background-enabled":"default","ast-page-background-meta":{"desktop":{"background-color":"var(--ast-global-color-4)","background-image":"","background-repeat":"repeat","background-position":"center center","background-size":"auto","background-attachment":"scroll","background-type":"","background-media":"","overlay-type":"","overlay-color":"","overlay-opacity":"","overlay-gradient":""},"tablet":{"background-color":"","background-image":"","background-repeat":"repeat","background-position":"center center","background-size":"auto","background-attachment":"scroll","background-type":"","background-media":"","overlay-type":"","overlay-color":"","overlay-opacity":"","overlay-gradient":""},"mobile":{"background-color":"","background-image":"","background-repeat":"repeat","background-position":"center center","background-size":"auto","background-attachment":"scroll","background-type":"","background-media":"","overlay-type":"","overlay-color":"","overlay-opacity":"","overlay-gradient":""}},"ast-content-background-meta":{"desktop":{"background-color":"var(--ast-global-color-5)","background-image":"","background-repeat":"repeat","background-position":"center center","background-size":"auto","background-attachment":"scroll","background-type":"","background-media":"","overlay-type":"","overlay-color":"","overlay-opacity":"","overlay-gradient":""},"tablet":{"background-color":"var(--ast-global-color-5)","background-image":"","background-repeat":"repeat","background-position":"center center","background-size":"auto","background-attachment":"scroll","background-type":"","background-media":"","overlay-type":"","overlay-color":"","overlay-opacity":"","overlay-gradient":""},"mobile":{"background-color":"var(--ast-global-color-5)","background-image":"","background-repeat":"repeat","background-position":"center center","background-size":"auto","background-attachment":"scroll","background-type":"","background-media":"","overlay-type":"","overlay-color":"","overlay-opacity":"","overlay-gradient":""}}},"product_brand":[],"product_cat":[590,100],"product_tag":[586,591,105],"class_list":{"0":"post-26752","1":"product","2":"type-product","3":"status-publish","4":"has-post-thumbnail","6":"product_cat-balanzas","7":"product_cat-equipamiento","8":"product_tag-accesorios","9":"product_tag-balanza","10":"product_tag-equipamiento","11":"desktop-align-left","12":"tablet-align-left","13":"mobile-align-left","15":"first","16":"instock","17":"taxable","18":"shipping-taxable","19":"purchasable","20":"product-type-simple"},"_links":{"self":[{"href":"https:\/\/sensorial.coffee\/en\/wp-json\/wp\/v2\/product\/26752","targetHints":{"allow":["GET"]}}],"collection":[{"href":"https:\/\/sensorial.coffee\/en\/wp-json\/wp\/v2\/product"}],"about":[{"href":"https:\/\/sensorial.coffee\/en\/wp-json\/wp\/v2\/types\/product"}],"replies":[{"embeddable":true,"href":"https:\/\/sensorial.coffee\/en\/wp-json\/wp\/v2\/comments?post=26752"}],"version-history":[{"count":2,"href":"https:\/\/sensorial.coffee\/en\/wp-json\/wp\/v2\/product\/26752\/revisions"}],"predecessor-version":[{"id":26782,"href":"https:\/\/sensorial.coffee\/en\/wp-json\/wp\/v2\/product\/26752\/revisions\/26782"}],"wp:featuredmedia":[{"embeddable":true,"href":"https:\/\/sensorial.coffee\/en\/wp-json\/wp\/v2\/media\/26753"}],"wp:attachment":[{"href":"https:\/\/sensorial.coffee\/en\/wp-json\/wp\/v2\/media?parent=26752"}],"wp:term":[{"taxonomy":"product_brand","embeddable":true,"href":"https:\/\/sensorial.coffee\/en\/wp-json\/wp\/v2\/product_brand?post=26752"},{"taxonomy":"product_cat","embeddable":true,"href":"https:\/\/sensorial.coffee\/en\/wp-json\/wp\/v2\/product_cat?post=26752"},{"taxonomy":"product_tag","embeddable":true,"href":"https:\/\/sensorial.coffee\/en\/wp-json\/wp\/v2\/product_tag?post=26752"}],"curies":[{"name":"wp","href":"https:\/\/api.w.org\/{rel}","templated":true}]}}