{"id":26783,"date":"2026-02-15T23:18:56","date_gmt":"2026-02-15T22:18:56","guid":{"rendered":"https:\/\/sensorial.coffee\/?post_type=product&#038;p=26783"},"modified":"2026-02-26T17:00:42","modified_gmt":"2026-02-26T16:00:42","slug":"outin-fino-molinillo-de-cafe-electrico-portatil-blanco","status":"publish","type":"product","link":"https:\/\/sensorial.coffee\/en\/product\/outin-fino-molinillo-de-cafe-electrico-portatil-blanco\/","title":{"rendered":"Outin Fino Molinillo de Caf\u00e9 El\u00e9ctrico Port\u00e1til Blanco"},"content":{"rendered":"<div class=\"prose\">\n<ul>\n<li><span data-sheets-root=\"1\"><strong>Un solo giro para todos los tipos de molienda:\u00a0<\/strong>Disfruta de 28 niveles de molienda, desde espresso y cafetera Moka hasta pour-over y prensa francesa.<\/span><\/li>\n<li><span data-sheets-root=\"1\"><strong>Tolva Contr\u00e1ctil para Granos:<\/strong> Carga f\u00e1cil y directa gracias a nuestra innovadora tolva retr\u00e1ctil.<\/span><\/li>\n<li><span data-sheets-root=\"1\"> <strong>Experiencia de molienda sin esfuerzo: <\/strong>Operaciones simples y directas, sincomplicaciones.<\/span><\/li>\n<li><span data-sheets-root=\"1\"> <strong>Muela C\u00f3nica Heptagonal para Molienda R\u00e1pida y Precisa: <\/strong>Muele de forma eficiente con nuestra muela c\u00f3nica de 38\u202fmm y 7 cuchillas.<\/span><\/li>\n<li><span data-sheets-root=\"1\"> <strong>Un espresso con mejor sabor: <\/strong>Molienda precisa y distribuci\u00f3n uniforme para un sabor equilibrado.<\/span><\/li>\n<li><span data-sheets-root=\"1\"> <strong>Listo para llevar: <\/strong>Dise\u00f1o inal\u00e1mbrico y compacto (690g) con recipiente desmontable, ideal para tus aventuras al aire libre.<\/span><\/li>\n<li><span data-sheets-root=\"1\"> <strong>Bater\u00eda recargable de carga r\u00e1pida:<\/strong> La bater\u00eda de litio de OutIn Fino soporta carga r\u00e1pida con solo 1 hora de tiempo de carga.<\/span><\/li>\n<\/ul>\n<p><em><span data-sheets-root=\"1\">*Nota: Por favor, cumpla con las regulaciones internacionales de aerol\u00edneas. Lleve el dispositivo \u00fanicamente en su equipaje de mano y no lo utilice durante el vuelo.<\/span><\/em><\/p>\n<\/div>\n","protected":false},"excerpt":{"rendered":"<div class=\"section   section-full bg-custom text-custom\">\n<div>\n<div class=\"impact-text impact-text--center \">\n<div class=\"snap-center\">\n<h6 class=\"impact-text__text heading break-all\"><span class=\"text-gradient \">28 <\/span>niveles de molienda en una sola rotaci\u00f3n<\/h6>\n<\/div>\n<h6 class=\"impact-text__text heading break-all\"><span class=\"text-gradient \">690g <\/span>Molinillo de caf\u00e9 port\u00e1til<\/h6>\n<div class=\"snap-center\">\n<h6 class=\"impact-text__text heading break-all\"><span class=\"text-gradient \">38mm <\/span>Muela c\u00f3nica de 38\u202fmm con 7 cuchillas<\/h6>\n<div class=\"flex flex-col items-center fb-sm:items-start w-[120px] fb-sm:ml-6 fb-sm:w-[250px]\">\n<h3><\/h3>\n<h3 class=\"font-hanken-semibold tw-text-center fb-sm:tw-text-left  text-14 fb-sm:text-16 mb-1\">Molienda precisa, consistencia perfecta<\/h3>\n<div class=\"tw-hidden fb-sm:tw-block font-hanken-regular text-12 fb-sm:text-14 opacity-80 fb-sm:text-left\">\n<p>La tecnolog\u00eda patentada exclusiva garantiza una molienda uniforme en cada grano, siempre.<\/p>\n<\/div>\n<\/div>\n<div class=\"flex flex-col items-center fb-sm:items-end fb-sm:mr-6 order-2 fb-sm:order-1 w-[120px] fb-sm:w-[250px]\">\n<h3 class=\"font-hanken-semibold tw-text-center fb-sm:tw-text-right text-14 fb-sm:text-16 mb-1\">Molienda un 22,2 % m\u00e1s r\u00e1pida<\/h3>\n<div class=\"tw-hidden fb-sm:tw-block font-hanken-regular text-12 fb-sm:text-14 fb-sm:tw-text-right opacity-90\">\n<p>Muele 18 g de granos de caf\u00e9 de tueste medio un 22,2 % m\u00e1s r\u00e1pido a m\u00e1xima potencia.<\/p>\n<\/div>\n<\/div>\n<div class=\"flex flex-col items-center fb-sm:items-start w-[120px] fb-sm:ml-6 fb-sm:w-[250px]\">\n<h3 class=\"font-hanken-semibold tw-text-center fb-sm:tw-text-left  text-14 fb-sm:text-16 mb-1\">Precisi\u00f3n sin l\u00edmites<\/h3>\n<div class=\"tw-hidden fb-sm:tw-block font-hanken-regular text-12 fb-sm:text-14 opacity-80 fb-sm:text-left\">\n<p>Un dial de ajuste externo combina 28 niveles de molienda con microajuste continuo.<\/p>\n<\/div>\n<\/div>\n<div class=\"flex flex-col items-center fb-sm:items-end fb-sm:mr-6 order-2 fb-sm:order-1 w-[120px] fb-sm:w-[250px]\">\n<h3 class=\"font-hanken-semibold tw-text-center fb-sm:tw-text-right text-14 fb-sm:text-16 mb-1\">Lista para llevar<\/h3>\n<div class=\"tw-hidden fb-sm:tw-block font-hanken-regular text-12 fb-sm:text-14 fb-sm:tw-text-right opacity-90\">\n<p>Su dise\u00f1o compacto y sin cables de 690 g, con recipiente extra\u00edble, es perfecto para tus aventuras al aire libre.<\/p>\n<\/div>\n<\/div>\n<div class=\"flex flex-col items-center fb-sm:items-start w-[120px] fb-sm:ml-6 fb-sm:w-[250px]\">\n<h3 class=\"font-hanken-semibold tw-text-center fb-sm:tw-text-left  text-14 fb-sm:text-16 mb-1\">Carga de granos m\u00e1s inteligente<\/h3>\n<div class=\"tw-hidden fb-sm:tw-block font-hanken-regular text-12 fb-sm:text-14 opacity-80 fb-sm:text-left\">\n<p>Llena, bloquea y limpia en segundos gracias al dep\u00f3sito de granos giratorio y ergon\u00f3mico.<\/p>\n<\/div>\n<\/div>\n<div class=\"flex flex-col items-center fb-sm:flex-row fb-sm:items-start fb-sm:justify-end\">\n<div class=\"flex flex-col items-center fb-sm:items-end fb-sm:mr-6 order-2 fb-sm:order-1 w-[120px] fb-sm:w-[250px]\">\n<p class=\"font-hanken-semibold tw-text-center fb-sm:tw-text-right text-14 fb-sm:text-16 mb-1\">Bater\u00eda de carga r\u00e1pida<\/p>\n<div class=\"tw-hidden fb-sm:tw-block font-hanken-regular text-12 fb-sm:text-14 fb-sm:tw-text-right opacity-90\">\n<p>Disfruta de una carga de 1 hora mientras usas el dispositivo y olv\u00eddate de la ansiedad por la bater\u00eda.<\/p>\n<\/div>\n<\/div>\n<\/div>\n<\/div>\n<\/div>\n<\/div>\n<\/div>\n","protected":false},"featured_media":26784,"comment_status":"open","ping_status":"closed","template":"","meta":{"site-sidebar-layout":"default","site-content-layout":"","ast-site-content-layout":"default","site-content-style":"default","site-sidebar-style":"default","ast-global-header-display":"","ast-banner-title-visibility":"","ast-main-header-display":"","ast-hfb-above-header-display":"","ast-hfb-below-header-display":"","ast-hfb-mobile-header-display":"","site-post-title":"","ast-breadcrumbs-content":"","ast-featured-img":"","footer-sml-layout":"","ast-disable-related-posts":"","theme-transparent-header-meta":"default","adv-header-id-meta":"","stick-header-meta":"","header-above-stick-meta":"","header-main-stick-meta":"","header-below-stick-meta":"","astra-migrate-meta-layouts":"set","ast-page-background-enabled":"default","ast-page-background-meta":{"desktop":{"background-color":"var(--ast-global-color-4)","background-image":"","background-repeat":"repeat","background-position":"center center","background-size":"auto","background-attachment":"scroll","background-type":"","background-media":"","overlay-type":"","overlay-color":"","overlay-opacity":"","overlay-gradient":""},"tablet":{"background-color":"","background-image":"","background-repeat":"repeat","background-position":"center center","background-size":"auto","background-attachment":"scroll","background-type":"","background-media":"","overlay-type":"","overlay-color":"","overlay-opacity":"","overlay-gradient":""},"mobile":{"background-color":"","background-image":"","background-repeat":"repeat","background-position":"center center","background-size":"auto","background-attachment":"scroll","background-type":"","background-media":"","overlay-type":"","overlay-color":"","overlay-opacity":"","overlay-gradient":""}},"ast-content-background-meta":{"desktop":{"background-color":"var(--ast-global-color-5)","background-image":"","background-repeat":"repeat","background-position":"center center","background-size":"auto","background-attachment":"scroll","background-type":"","background-media":"","overlay-type":"","overlay-color":"","overlay-opacity":"","overlay-gradient":""},"tablet":{"background-color":"var(--ast-global-color-5)","background-image":"","background-repeat":"repeat","background-position":"center center","background-size":"auto","background-attachment":"scroll","background-type":"","background-media":"","overlay-type":"","overlay-color":"","overlay-opacity":"","overlay-gradient":""},"mobile":{"background-color":"var(--ast-global-color-5)","background-image":"","background-repeat":"repeat","background-position":"center center","background-size":"auto","background-attachment":"scroll","background-type":"","background-media":"","overlay-type":"","overlay-color":"","overlay-opacity":"","overlay-gradient":""}}},"product_brand":[],"product_cat":[100,102],"product_tag":[586,105,48],"class_list":{"0":"post-26783","1":"product","2":"type-product","3":"status-publish","4":"has-post-thumbnail","6":"product_cat-equipamiento","7":"product_cat-molinillos-de-cafe","8":"product_tag-accesorios","9":"product_tag-equipamiento","10":"product_tag-molinillo","11":"desktop-align-left","12":"tablet-align-left","13":"mobile-align-left","15":"first","16":"instock","17":"taxable","18":"shipping-taxable","19":"purchasable","20":"product-type-simple"},"_links":{"self":[{"href":"https:\/\/sensorial.coffee\/en\/wp-json\/wp\/v2\/product\/26783","targetHints":{"allow":["GET"]}}],"collection":[{"href":"https:\/\/sensorial.coffee\/en\/wp-json\/wp\/v2\/product"}],"about":[{"href":"https:\/\/sensorial.coffee\/en\/wp-json\/wp\/v2\/types\/product"}],"replies":[{"embeddable":true,"href":"https:\/\/sensorial.coffee\/en\/wp-json\/wp\/v2\/comments?post=26783"}],"version-history":[{"count":2,"href":"https:\/\/sensorial.coffee\/en\/wp-json\/wp\/v2\/product\/26783\/revisions"}],"predecessor-version":[{"id":26821,"href":"https:\/\/sensorial.coffee\/en\/wp-json\/wp\/v2\/product\/26783\/revisions\/26821"}],"wp:featuredmedia":[{"embeddable":true,"href":"https:\/\/sensorial.coffee\/en\/wp-json\/wp\/v2\/media\/26784"}],"wp:attachment":[{"href":"https:\/\/sensorial.coffee\/en\/wp-json\/wp\/v2\/media?parent=26783"}],"wp:term":[{"taxonomy":"product_brand","embeddable":true,"href":"https:\/\/sensorial.coffee\/en\/wp-json\/wp\/v2\/product_brand?post=26783"},{"taxonomy":"product_cat","embeddable":true,"href":"https:\/\/sensorial.coffee\/en\/wp-json\/wp\/v2\/product_cat?post=26783"},{"taxonomy":"product_tag","embeddable":true,"href":"https:\/\/sensorial.coffee\/en\/wp-json\/wp\/v2\/product_tag?post=26783"}],"curies":[{"name":"wp","href":"https:\/\/api.w.org\/{rel}","templated":true}]}}