{"id":26824,"date":"2026-02-15T23:43:19","date_gmt":"2026-02-15T22:43:19","guid":{"rendered":"https:\/\/sensorial.coffee\/?post_type=product&#038;p=26824"},"modified":"2026-02-26T16:48:56","modified_gmt":"2026-02-26T15:48:56","slug":"outin-nano-cafetera-espresso-portatil-gris-espacial","status":"publish","type":"product","link":"https:\/\/sensorial.coffee\/en\/product\/outin-nano-cafetera-espresso-portatil-gris-espacial\/","title":{"rendered":"Outin Nano Cafetera Espresso Port\u00e1til (Gris Espacial)"},"content":{"rendered":"<div class=\"product-info__description\">\n<div class=\"prose\">\n<ul>\n<li><strong>Cafetera Espresso Ligera<\/strong>: Pesa solo 670 gramos<\/li>\n<li><strong>Calentamiento expr\u00e9s<\/strong>: solo 200 segundos* para calentarse<\/li>\n<li><strong>Crema Rica<\/strong>: Alcanza hasta 92\u00b0C\/198\u00b0F a 20 bares de presi\u00f3n para un caf\u00e9 m\u00e1s cremoso<\/li>\n<li><strong>Bater\u00eda de Larga Duraci\u00f3n<\/strong>: 3*2500 mAh para 5 infusiones en fr\u00edo o m\u00e1s de 200 en caliente (bater\u00eda recargable)<\/li>\n<li><strong>Est\u00e1ndares Profesionales<\/strong>: Materiales Certificados en Europa y Especificaciones de Centro de Preparaci\u00f3n de Caf\u00e9<\/li>\n<li><strong>Carga Universal<\/strong>: Compatibilidad con 12V\/24V (coche) y USB (&gt;10W)<\/li>\n<li><strong>Cafetera 2 en 1<\/strong>: Compatible con caf\u00e9 molido y c\u00e1psulas<\/li>\n<\/ul>\n<p><em><span data-sheets-root=\"1\">*Nota: Por favor, cumpla con las regulaciones internacionales de aerol\u00edneas. Lleve el dispositivo \u00fanicamente en su equipaje de mano y no lo utilice durante el vuelo.<\/span><\/em><\/p>\n<\/div>\n<\/div>\n<div class=\"product-info__product-picker\">\n<div class=\"variant-picker\">\n<fieldset class=\"variant-picker__option\">\n<div class=\"variant-picker__option-info\">\n<div class=\"variant-picker__option-info\">\n<div class=\"h-stack gap-2\"><\/div>\n<\/div>\n<\/div>\n<legend class=\"text-subdued\">Color: Gris Espacial<\/legend>\n<\/fieldset>\n<\/div>\n<\/div>\n","protected":false},"excerpt":{"rendered":"<div class=\"section section-blends section-full\">\n<div class=\"rich-text justify-center \">\n<div class=\"rich-text__wrapper\">\n<div class=\"prose justify-items-center text-center\">\n<p class=\"h3 hyphenate\">UN NUEVO AMIGO PARA LOS AMANTES DEL ESPRESSO<\/p>\n<div>\n<p>OutIn Nano es una de las mejores y m\u00e1s port\u00e1tiles m\u00e1quinas de espresso de tama\u00f1o de viaje. Disfruta tu momento de caf\u00e9 en cualquier lugar y a tu propio ritmo. Compatible con c\u00e1psulas de caf\u00e9 Nespresso* Original, ofrece calentamiento r\u00e1pido, extracci\u00f3n perfecta y limpieza sencilla. Con el Nano, cada momento de preparaci\u00f3n o disfrute del caf\u00e9 se convierte en una experiencia inolvidable y divertida.<\/p>\n<\/div>\n<\/div>\n<\/div>\n<\/div>\n<\/div>\n","protected":false},"featured_media":26825,"comment_status":"open","ping_status":"closed","template":"","meta":{"site-sidebar-layout":"default","site-content-layout":"","ast-site-content-layout":"default","site-content-style":"default","site-sidebar-style":"default","ast-global-header-display":"","ast-banner-title-visibility":"","ast-main-header-display":"","ast-hfb-above-header-display":"","ast-hfb-below-header-display":"","ast-hfb-mobile-header-display":"","site-post-title":"","ast-breadcrumbs-content":"","ast-featured-img":"","footer-sml-layout":"","ast-disable-related-posts":"","theme-transparent-header-meta":"default","adv-header-id-meta":"","stick-header-meta":"","header-above-stick-meta":"","header-main-stick-meta":"","header-below-stick-meta":"","astra-migrate-meta-layouts":"set","ast-page-background-enabled":"default","ast-page-background-meta":{"desktop":{"background-color":"var(--ast-global-color-4)","background-image":"","background-repeat":"repeat","background-position":"center center","background-size":"auto","background-attachment":"scroll","background-type":"","background-media":"","overlay-type":"","overlay-color":"","overlay-opacity":"","overlay-gradient":""},"tablet":{"background-color":"","background-image":"","background-repeat":"repeat","background-position":"center center","background-size":"auto","background-attachment":"scroll","background-type":"","background-media":"","overlay-type":"","overlay-color":"","overlay-opacity":"","overlay-gradient":""},"mobile":{"background-color":"","background-image":"","background-repeat":"repeat","background-position":"center center","background-size":"auto","background-attachment":"scroll","background-type":"","background-media":"","overlay-type":"","overlay-color":"","overlay-opacity":"","overlay-gradient":""}},"ast-content-background-meta":{"desktop":{"background-color":"var(--ast-global-color-5)","background-image":"","background-repeat":"repeat","background-position":"center center","background-size":"auto","background-attachment":"scroll","background-type":"","background-media":"","overlay-type":"","overlay-color":"","overlay-opacity":"","overlay-gradient":""},"tablet":{"background-color":"var(--ast-global-color-5)","background-image":"","background-repeat":"repeat","background-position":"center center","background-size":"auto","background-attachment":"scroll","background-type":"","background-media":"","overlay-type":"","overlay-color":"","overlay-opacity":"","overlay-gradient":""},"mobile":{"background-color":"var(--ast-global-color-5)","background-image":"","background-repeat":"repeat","background-position":"center center","background-size":"auto","background-attachment":"scroll","background-type":"","background-media":"","overlay-type":"","overlay-color":"","overlay-opacity":"","overlay-gradient":""}}},"product_brand":[],"product_cat":[101,100],"product_tag":[586,587,105],"class_list":{"0":"post-26824","1":"product","2":"type-product","3":"status-publish","4":"has-post-thumbnail","6":"product_cat-cafeteras","7":"product_cat-equipamiento","8":"product_tag-accesorios","9":"product_tag-cafeteras","10":"product_tag-equipamiento","11":"desktop-align-left","12":"tablet-align-left","13":"mobile-align-left","15":"first","16":"instock","17":"taxable","18":"shipping-taxable","19":"purchasable","20":"product-type-simple"},"_links":{"self":[{"href":"https:\/\/sensorial.coffee\/en\/wp-json\/wp\/v2\/product\/26824","targetHints":{"allow":["GET"]}}],"collection":[{"href":"https:\/\/sensorial.coffee\/en\/wp-json\/wp\/v2\/product"}],"about":[{"href":"https:\/\/sensorial.coffee\/en\/wp-json\/wp\/v2\/types\/product"}],"replies":[{"embeddable":true,"href":"https:\/\/sensorial.coffee\/en\/wp-json\/wp\/v2\/comments?post=26824"}],"version-history":[{"count":2,"href":"https:\/\/sensorial.coffee\/en\/wp-json\/wp\/v2\/product\/26824\/revisions"}],"predecessor-version":[{"id":26853,"href":"https:\/\/sensorial.coffee\/en\/wp-json\/wp\/v2\/product\/26824\/revisions\/26853"}],"wp:featuredmedia":[{"embeddable":true,"href":"https:\/\/sensorial.coffee\/en\/wp-json\/wp\/v2\/media\/26825"}],"wp:attachment":[{"href":"https:\/\/sensorial.coffee\/en\/wp-json\/wp\/v2\/media?parent=26824"}],"wp:term":[{"taxonomy":"product_brand","embeddable":true,"href":"https:\/\/sensorial.coffee\/en\/wp-json\/wp\/v2\/product_brand?post=26824"},{"taxonomy":"product_cat","embeddable":true,"href":"https:\/\/sensorial.coffee\/en\/wp-json\/wp\/v2\/product_cat?post=26824"},{"taxonomy":"product_tag","embeddable":true,"href":"https:\/\/sensorial.coffee\/en\/wp-json\/wp\/v2\/product_tag?post=26824"}],"curies":[{"name":"wp","href":"https:\/\/api.w.org\/{rel}","templated":true}]}}