{"id":27065,"date":"2026-02-28T17:58:52","date_gmt":"2026-02-28T16:58:52","guid":{"rendered":"https:\/\/sensorial.coffee\/?post_type=product&#038;p=27065"},"modified":"2026-03-24T13:15:16","modified_gmt":"2026-03-24T12:15:16","slug":"eureka-mignon-libra-55-white","status":"publish","type":"product","link":"https:\/\/sensorial.coffee\/en\/product\/eureka-mignon-libra-55-white\/","title":{"rendered":"Eureka Mignon Libra 55 White"},"content":{"rendered":"<div class=\"intesta\">\u00a1Moler por peso en pocos pasos <b>obteniendo la m\u00e1xima precisi\u00f3n sin esfuerzo!<\/b><\/div>\n<p>\u00bfC\u00f3mo? Gracias a la revolucionaria tecnolog\u00eda \u201cInstant grind weighing technology\u201d (patentada) que le permite moler por peso, en lugar de por tiempo, haciendo su rutina de caf\u00e9 m\u00e1s f\u00e1cil, r\u00e1pida y .. \u00a1Sin desperdiciar caf\u00e9!<\/p>\n<div>\n<div class=\"divPlus\">\n<p class=\"imgPlus\"><a href=\"https:\/\/www.eureka.co.it\/es\/plus\/id\/201.aspx\" target=\"_blank\" rel=\"noopener\"><img decoding=\"async\" title=\"Tecnolog\u00eda de Pesaje de Molienda Instant\u00e1nea (Grind-by-weight technology)\" src=\"https:\/\/www.eureka.co.it\/images\/icons\/40x40\/IGW-technology.png\" alt=\"Tecnolog\u00eda de Pesaje de Molienda Instant\u00e1nea (Grind-by-weight technology)\" \/> <\/a>Tecnolog\u00eda de Pesaje de Molienda Instant\u00e1nea (Grind-by-weight technology): Muele por peso, en pocos y simples pasos.<\/p>\n<\/div>\n<div class=\"divPlus\">\n<p class=\"imgPlus\"><a href=\"https:\/\/www.eureka.co.it\/es\/plus\/id\/93.aspx\" target=\"_blank\" rel=\"noopener\"><img decoding=\"async\" title=\"Tecnologia Silent\" src=\"https:\/\/www.eureka.co.it\/images\/icons\/40x40\/Silent-technology.png\" alt=\"Tecnologia Silent\" \/> <\/a>Tecnologia Silent: Molienda silenciosa en cualquier lugar, sea en una cafeter\u00eda o en casa<\/p>\n<\/div>\n<div class=\"divPlus\">\n<p class=\"imgPlus\"><a href=\"https:\/\/www.eureka.co.it\/es\/plus\/id\/96.aspx\" target=\"_blank\" rel=\"noopener\"><img decoding=\"async\" title=\"Regulaci\u00f3n microm\u00e9trica\" src=\"https:\/\/www.eureka.co.it\/images\/icons\/40x40\/Stepless-micrometric-regulation.png\" alt=\"Regulaci\u00f3n microm\u00e9trica\" \/><\/a>Regulaci\u00f3n microm\u00e9trica: Sistema patentado, garantiza una precisi\u00f3n absoluta ahorrando tiempo y caf\u00e9.<\/p>\n<\/div>\n<div class=\"divPlus\">\n<p class=\"imgPlus\"><a href=\"https:\/\/www.eureka.co.it\/es\/plus\/id\/97.aspx\" target=\"_blank\" rel=\"noopener\"><img decoding=\"async\" title=\"Sistema ACE\" src=\"https:\/\/www.eureka.co.it\/images\/icons\/40x40\/Ace-system.png\" alt=\"Sistema ACE\" \/> <\/a>Sistema ACE: Anti-grumos y carga electrost\u00e1tica.<\/p>\n<\/div>\n<\/div>\n<div class=\"divPlusMore\">\n<p class=\"textPlus\">\u2713 Nueva horquilla: ajuste de altura sin herramientas adicionales.<\/p>\n<div class=\"ast-oembed-container \" style=\"height: 100%;\"><iframe title=\"Mignon Libra - Instant Grind Weighing Technology\" width=\"500\" height=\"281\" src=\"https:\/\/www.youtube.com\/embed\/DHU9uH9mfxw?feature=oembed&#038;enablejsapi=1&#038;origin=https:\/\/sensorial.coffee\" frameborder=\"0\" allow=\"accelerometer; autoplay; clipboard-write; encrypted-media; gyroscope; picture-in-picture; web-share\" referrerpolicy=\"strict-origin-when-cross-origin\" allowfullscreen><\/iframe><\/div>\n<\/div>\n","protected":false},"excerpt":{"rendered":"<p>Extremadamente preciso, con +\/- 0,2 gramos de variaci\u00f3n, para minimizar el desperdicio de caf\u00e9 y lograr siempre el<\/p>\n<p>resultado esperado de su receta.<\/p>\n<p>Residuo Cero, gracias a:<\/p>\n<p>1. Sistema Antivibraci\u00f3n \u00fanico que permite completar el disparo tambi\u00e9n en en caso de perturbaciones o golpes en el portafiltro.<\/p>\n<p>2. Parada inmediata del proceso de molienda en caso de portafiltro eliminaci\u00f3n, exclusiva de IGW Technology.<\/p>\n<p>S\u00faper r\u00e1pido, capaz de pesar el caf\u00e9 molido en portafiltro mientras muele en tiempo real.<\/p>\n<p>F\u00e1cil de usar, gracias a una pantalla t\u00e1ctil intuitiva, dise\u00f1ado para:<\/p>\n<p>1. Establezca la cantidad para disparo simple y doble;<\/p>\n<p>2. moler por peso incluso en modo continuo;<\/p>\n<p>3. cambiar de simple a doble (y viceversa) durante la molienda proceso, sin desperdicio de caf\u00e9 (\u00a1\u00daNICO EN EL MERCADO!);<\/p>\n<p>4. Modo Inicio y Pausa, f\u00e1cil y r\u00e1pido.<\/p>\n<p>Horquilla especial dise\u00f1ada para adaptarse a cualquier portafiltro, f\u00e1cil de<\/p>\n<p>Regular a mano sin ninguna herramienta adicional.<\/p>\n<p>Listo para usar sin esfuerzo, gracias a la calibraci\u00f3n del pesaje integrado<\/p>\n","protected":false},"featured_media":27079,"comment_status":"open","ping_status":"closed","template":"","meta":{"site-sidebar-layout":"default","site-content-layout":"","ast-site-content-layout":"default","site-content-style":"default","site-sidebar-style":"default","ast-global-header-display":"","ast-banner-title-visibility":"","ast-main-header-display":"","ast-hfb-above-header-display":"","ast-hfb-below-header-display":"","ast-hfb-mobile-header-display":"","site-post-title":"","ast-breadcrumbs-content":"","ast-featured-img":"","footer-sml-layout":"","ast-disable-related-posts":"","theme-transparent-header-meta":"default","adv-header-id-meta":"","stick-header-meta":"","header-above-stick-meta":"","header-main-stick-meta":"","header-below-stick-meta":"","astra-migrate-meta-layouts":"set","ast-page-background-enabled":"default","ast-page-background-meta":{"desktop":{"background-color":"var(--ast-global-color-4)","background-image":"","background-repeat":"repeat","background-position":"center center","background-size":"auto","background-attachment":"scroll","background-type":"","background-media":"","overlay-type":"","overlay-color":"","overlay-opacity":"","overlay-gradient":""},"tablet":{"background-color":"","background-image":"","background-repeat":"repeat","background-position":"center center","background-size":"auto","background-attachment":"scroll","background-type":"","background-media":"","overlay-type":"","overlay-color":"","overlay-opacity":"","overlay-gradient":""},"mobile":{"background-color":"","background-image":"","background-repeat":"repeat","background-position":"center center","background-size":"auto","background-attachment":"scroll","background-type":"","background-media":"","overlay-type":"","overlay-color":"","overlay-opacity":"","overlay-gradient":""}},"ast-content-background-meta":{"desktop":{"background-color":"var(--ast-global-color-5)","background-image":"","background-repeat":"repeat","background-position":"center center","background-size":"auto","background-attachment":"scroll","background-type":"","background-media":"","overlay-type":"","overlay-color":"","overlay-opacity":"","overlay-gradient":""},"tablet":{"background-color":"var(--ast-global-color-5)","background-image":"","background-repeat":"repeat","background-position":"center center","background-size":"auto","background-attachment":"scroll","background-type":"","background-media":"","overlay-type":"","overlay-color":"","overlay-opacity":"","overlay-gradient":""},"mobile":{"background-color":"var(--ast-global-color-5)","background-image":"","background-repeat":"repeat","background-position":"center center","background-size":"auto","background-attachment":"scroll","background-type":"","background-media":"","overlay-type":"","overlay-color":"","overlay-opacity":"","overlay-gradient":""}}},"product_brand":[],"product_cat":[100,102],"product_tag":[586,105,48],"class_list":{"0":"post-27065","1":"product","2":"type-product","3":"status-publish","4":"has-post-thumbnail","6":"product_cat-equipamiento","7":"product_cat-molinillos-de-cafe","8":"product_tag-accesorios","9":"product_tag-equipamiento","10":"product_tag-molinillo","11":"desktop-align-left","12":"tablet-align-left","13":"mobile-align-left","15":"first","16":"outofstock","17":"sale","18":"taxable","19":"shipping-taxable","20":"purchasable","21":"product-type-simple"},"_links":{"self":[{"href":"https:\/\/sensorial.coffee\/en\/wp-json\/wp\/v2\/product\/27065","targetHints":{"allow":["GET"]}}],"collection":[{"href":"https:\/\/sensorial.coffee\/en\/wp-json\/wp\/v2\/product"}],"about":[{"href":"https:\/\/sensorial.coffee\/en\/wp-json\/wp\/v2\/types\/product"}],"replies":[{"embeddable":true,"href":"https:\/\/sensorial.coffee\/en\/wp-json\/wp\/v2\/comments?post=27065"}],"version-history":[{"count":1,"href":"https:\/\/sensorial.coffee\/en\/wp-json\/wp\/v2\/product\/27065\/revisions"}],"predecessor-version":[{"id":27075,"href":"https:\/\/sensorial.coffee\/en\/wp-json\/wp\/v2\/product\/27065\/revisions\/27075"}],"wp:featuredmedia":[{"embeddable":true,"href":"https:\/\/sensorial.coffee\/en\/wp-json\/wp\/v2\/media\/27079"}],"wp:attachment":[{"href":"https:\/\/sensorial.coffee\/en\/wp-json\/wp\/v2\/media?parent=27065"}],"wp:term":[{"taxonomy":"product_brand","embeddable":true,"href":"https:\/\/sensorial.coffee\/en\/wp-json\/wp\/v2\/product_brand?post=27065"},{"taxonomy":"product_cat","embeddable":true,"href":"https:\/\/sensorial.coffee\/en\/wp-json\/wp\/v2\/product_cat?post=27065"},{"taxonomy":"product_tag","embeddable":true,"href":"https:\/\/sensorial.coffee\/en\/wp-json\/wp\/v2\/product_tag?post=27065"}],"curies":[{"name":"wp","href":"https:\/\/api.w.org\/{rel}","templated":true}]}}