{"id":27117,"date":"2026-02-28T18:27:07","date_gmt":"2026-02-28T17:27:07","guid":{"rendered":"https:\/\/sensorial.coffee\/?post_type=product&#038;p=27117"},"modified":"2026-02-28T18:30:30","modified_gmt":"2026-02-28T17:30:30","slug":"eureka-mignon-libra-65-all-purpose-chrome","status":"publish","type":"product","link":"https:\/\/sensorial.coffee\/en\/product\/eureka-mignon-libra-65-all-purpose-chrome\/","title":{"rendered":"Eureka Mignon Libra 65 All Purpose Chrome"},"content":{"rendered":"<div class=\"divPlusMore\">\n<div class=\"ast-oembed-container \" style=\"height: 100%;\"><iframe title=\"Mignon Libra - Instant Grind Weighing Technology\" width=\"500\" height=\"281\" src=\"https:\/\/www.youtube.com\/embed\/DHU9uH9mfxw?feature=oembed&#038;enablejsapi=1&#038;origin=https:\/\/sensorial.coffee\" frameborder=\"0\" allow=\"accelerometer; autoplay; clipboard-write; encrypted-media; gyroscope; picture-in-picture; web-share\" referrerpolicy=\"strict-origin-when-cross-origin\" allowfullscreen><\/iframe><\/div>\n<div class=\"intesta\">Un molinillo para todos los m\u00e9todos de preparaci\u00f3n \u2014 balanza de precisi\u00f3n integrada<\/div>\n<p>&nbsp;<\/p>\n<div>\n<div class=\"divPlus\">\n<p class=\"imgPlus\"><a href=\"https:\/\/www.eureka.co.it\/es\/plus\/id\/201.aspx\" target=\"_blank\" rel=\"noopener\"><img decoding=\"async\" title=\"Tecnolog\u00eda de Pesaje de Molienda Instant\u00e1nea (Grind-by-weight technology)\" src=\"https:\/\/www.eureka.co.it\/images\/icons\/40x40\/IGW-technology.png\" alt=\"Tecnolog\u00eda de Pesaje de Molienda Instant\u00e1nea (Grind-by-weight technology)\" \/> <\/a>Tecnolog\u00eda de Pesaje de Molienda Instant\u00e1nea (Grind-by-weight technology): Muele por peso, en pocos y simples pasos.<\/p>\n<\/div>\n<div class=\"divPlus\">\n<p class=\"imgPlus\"><a href=\"https:\/\/www.eureka.co.it\/es\/plus\/id\/102.aspx\" target=\"_blank\" rel=\"noopener\"><img decoding=\"async\" title=\"King-size Dial\" src=\"https:\/\/www.eureka.co.it\/images\/icons\/40x40\/Easy-setting-system.png\" alt=\"King-size Dial\" \/> <\/a>King-size Dial:Este sistema facilita la regulaci\u00f3n del grado de molienda.<\/p>\n<\/div>\n<div class=\"divPlus\">\n<p class=\"imgPlus\"><a href=\"https:\/\/www.eureka.co.it\/es\/plus\/id\/94.aspx\" target=\"_blank\" rel=\"noopener\"><img decoding=\"async\" title=\"All Purpose\" src=\"https:\/\/www.eureka.co.it\/images\/icons\/40x40\/All-purpose.png\" alt=\"All Purpose\" \/><\/a> All Purpose: Dise\u00f1o especial de la muela para una molienda adecuada para el Espresso y todas las variedades de caf\u00e9 de filtro.<\/p>\n<\/div>\n<div class=\"divPlus\">\n<p class=\"imgPlus\"><a href=\"https:\/\/www.eureka.co.it\/es\/plus\/id\/230.aspx\" target=\"_blank\" rel=\"noopener\"><img decoding=\"async\" title=\"Fresas Superior Ciegas\" src=\"https:\/\/www.eureka.co.it\/images\/icons\/40x40\/Blind-upper-burr.png\" alt=\"Fresas Superior Ciegas\" \/> <\/a>Fresas Superior Ciegas: Para reducir a\u00fan m\u00e1s la retenci\u00f3n de caf\u00e9.<\/p>\n<\/div>\n<div class=\"divPlus\">\n<p class=\"imgPlus\"><a href=\"https:\/\/www.eureka.co.it\/es\/plus\/id\/96.aspx\" target=\"_blank\" rel=\"noopener\"><img decoding=\"async\" title=\"Regulaci\u00f3n microm\u00e9trica\" src=\"https:\/\/www.eureka.co.it\/images\/icons\/40x40\/Stepless-micrometric-regulation.png\" alt=\"Regulaci\u00f3n microm\u00e9trica\" \/> <\/a>Regulaci\u00f3n microm\u00e9trica:Sistema patentado, garantiza una precisi\u00f3n absoluta ahorrando tiempo y caf\u00e9.<\/p>\n<\/div>\n<div class=\"divPlus\">\n<p class=\"imgPlus\"><a href=\"https:\/\/www.eureka.co.it\/es\/plus\/id\/97.aspx\" target=\"_blank\" rel=\"noopener\"><img decoding=\"async\" title=\"Sistema ACE\" src=\"https:\/\/www.eureka.co.it\/images\/icons\/40x40\/Ace-system.png\" alt=\"Sistema ACE\" \/> <\/a>Sistema ACE: Anti-grumos y carga electrost\u00e1tica.<\/p>\n<\/div>\n<\/div>\n<div class=\"divPlusMore\">\n<p class=\"textPlus\">\u2713 Nueva horquilla, estable y vers\u00e1til, compatible tanto con portafiltros como con tazas All Purpose \u2014 \u00a1no se necesitan herramientas para ajustarla<\/p>\n<div class=\"ast-oembed-container \" style=\"height: 100%;\"><iframe title=\"Mignon Libra 65 All Purpose\" width=\"500\" height=\"281\" src=\"https:\/\/www.youtube.com\/embed\/0ZlVTOxnnrE?feature=oembed&#038;enablejsapi=1&#038;origin=https:\/\/sensorial.coffee\" frameborder=\"0\" allow=\"accelerometer; autoplay; clipboard-write; encrypted-media; gyroscope; picture-in-picture; web-share\" referrerpolicy=\"strict-origin-when-cross-origin\" allowfullscreen><\/iframe><\/div>\n<\/div>\n<\/div>\n","protected":false},"excerpt":{"rendered":"<p>&nbsp;<\/p>\n<p>Desarrollado por Eureka Lab en colaboraci\u00f3n con baristas y expertos en caf\u00e9 de todo el mundo, tiene como objetivo ayudar a los baristas dom\u00e9sticos a realzar los sabores del caf\u00e9 en cualquier modo de preparaci\u00f3n y aumentar la sostenibilidad reduciendo el desperdicio de caf\u00e9.<\/p>\n<p>Dise\u00f1ada para proporcionar excelentes resultados en todas las preparaciones ( desde espresso hasta prensa francesa) y exaltar plenamente cada aromo y claridad, independientemente de la especie de caf\u00e9 y el nivel de tueste.<\/p>\n<p>Fresa superior ciega sin orificios roscados para reducir la retenci\u00f3n de caf\u00e9 y aumentar la consistencia de molienda gracias a una superificie de molienda m\u00e1s amplia.<\/p>\n<p><strong>Nueva horquilla vers\u00e1til en altura<\/strong><\/p>\n<p>Proporciona la m\u00e1xima estabilidad y garantiza la compatibilidad tanto con el portafiltro ( para espresso) como con el All Purpose Cup (para caf\u00e9 de filtro), seg\u00fan las preferencias del consumidor.<\/p>\n<p>Ajuste de altura sin herramientas adicionales.<\/p>\n<p><strong>Nuevo pomo de regulaci\u00f3n King Size de aluminio<\/strong><\/p>\n<p>Con cuentarrevoluciones (pendiente de patente) dise\u00f1ado para una mayor comodidad, ajustes extremadamente precisos del tama\u00f1o de molido y facilidad para cambiar entre diferentes m\u00e9todos de preparaci\u00f3n.<\/p>\n","protected":false},"featured_media":27083,"comment_status":"open","ping_status":"closed","template":"","meta":{"site-sidebar-layout":"default","site-content-layout":"","ast-site-content-layout":"default","site-content-style":"default","site-sidebar-style":"default","ast-global-header-display":"","ast-banner-title-visibility":"","ast-main-header-display":"","ast-hfb-above-header-display":"","ast-hfb-below-header-display":"","ast-hfb-mobile-header-display":"","site-post-title":"","ast-breadcrumbs-content":"","ast-featured-img":"","footer-sml-layout":"","ast-disable-related-posts":"","theme-transparent-header-meta":"default","adv-header-id-meta":"","stick-header-meta":"","header-above-stick-meta":"","header-main-stick-meta":"","header-below-stick-meta":"","astra-migrate-meta-layouts":"set","ast-page-background-enabled":"default","ast-page-background-meta":{"desktop":{"background-color":"var(--ast-global-color-4)","background-image":"","background-repeat":"repeat","background-position":"center center","background-size":"auto","background-attachment":"scroll","background-type":"","background-media":"","overlay-type":"","overlay-color":"","overlay-opacity":"","overlay-gradient":""},"tablet":{"background-color":"","background-image":"","background-repeat":"repeat","background-position":"center center","background-size":"auto","background-attachment":"scroll","background-type":"","background-media":"","overlay-type":"","overlay-color":"","overlay-opacity":"","overlay-gradient":""},"mobile":{"background-color":"","background-image":"","background-repeat":"repeat","background-position":"center center","background-size":"auto","background-attachment":"scroll","background-type":"","background-media":"","overlay-type":"","overlay-color":"","overlay-opacity":"","overlay-gradient":""}},"ast-content-background-meta":{"desktop":{"background-color":"var(--ast-global-color-5)","background-image":"","background-repeat":"repeat","background-position":"center center","background-size":"auto","background-attachment":"scroll","background-type":"","background-media":"","overlay-type":"","overlay-color":"","overlay-opacity":"","overlay-gradient":""},"tablet":{"background-color":"var(--ast-global-color-5)","background-image":"","background-repeat":"repeat","background-position":"center center","background-size":"auto","background-attachment":"scroll","background-type":"","background-media":"","overlay-type":"","overlay-color":"","overlay-opacity":"","overlay-gradient":""},"mobile":{"background-color":"var(--ast-global-color-5)","background-image":"","background-repeat":"repeat","background-position":"center center","background-size":"auto","background-attachment":"scroll","background-type":"","background-media":"","overlay-type":"","overlay-color":"","overlay-opacity":"","overlay-gradient":""}}},"product_brand":[],"product_cat":[102],"product_tag":[586,105,48],"class_list":{"0":"post-27117","1":"product","2":"type-product","3":"status-publish","4":"has-post-thumbnail","6":"product_cat-molinillos-de-cafe","7":"product_tag-accesorios","8":"product_tag-equipamiento","9":"product_tag-molinillo","10":"desktop-align-left","11":"tablet-align-left","12":"mobile-align-left","14":"first","15":"instock","16":"taxable","17":"shipping-taxable","18":"purchasable","19":"product-type-simple"},"_links":{"self":[{"href":"https:\/\/sensorial.coffee\/en\/wp-json\/wp\/v2\/product\/27117","targetHints":{"allow":["GET"]}}],"collection":[{"href":"https:\/\/sensorial.coffee\/en\/wp-json\/wp\/v2\/product"}],"about":[{"href":"https:\/\/sensorial.coffee\/en\/wp-json\/wp\/v2\/types\/product"}],"replies":[{"embeddable":true,"href":"https:\/\/sensorial.coffee\/en\/wp-json\/wp\/v2\/comments?post=27117"}],"version-history":[{"count":1,"href":"https:\/\/sensorial.coffee\/en\/wp-json\/wp\/v2\/product\/27117\/revisions"}],"predecessor-version":[{"id":27119,"href":"https:\/\/sensorial.coffee\/en\/wp-json\/wp\/v2\/product\/27117\/revisions\/27119"}],"wp:featuredmedia":[{"embeddable":true,"href":"https:\/\/sensorial.coffee\/en\/wp-json\/wp\/v2\/media\/27083"}],"wp:attachment":[{"href":"https:\/\/sensorial.coffee\/en\/wp-json\/wp\/v2\/media?parent=27117"}],"wp:term":[{"taxonomy":"product_brand","embeddable":true,"href":"https:\/\/sensorial.coffee\/en\/wp-json\/wp\/v2\/product_brand?post=27117"},{"taxonomy":"product_cat","embeddable":true,"href":"https:\/\/sensorial.coffee\/en\/wp-json\/wp\/v2\/product_cat?post=27117"},{"taxonomy":"product_tag","embeddable":true,"href":"https:\/\/sensorial.coffee\/en\/wp-json\/wp\/v2\/product_tag?post=27117"}],"curies":[{"name":"wp","href":"https:\/\/api.w.org\/{rel}","templated":true}]}}