{"id":27342,"date":"2026-03-17T18:46:54","date_gmt":"2026-03-17T17:46:54","guid":{"rendered":"https:\/\/sensorial.coffee\/producto\/coffee-from-el-salvador-bourbon-rainbow-natural\/"},"modified":"2026-03-23T15:44:12","modified_gmt":"2026-03-23T14:44:12","slug":"coffee-from-el-salvador-bourbon-rainbow-natural","status":"publish","type":"product","link":"https:\/\/sensorial.coffee\/en\/product\/coffee-from-el-salvador-bourbon-rainbow-natural\/","title":{"rendered":"Coffee from El Salvador Bourbon Rainbow \/ Natural"},"content":{"rendered":"<h2>More about this coffee from El Salvador<\/h2>\n<p>The Las Brisas estate is situated in a coffee-growing region with a long-standing tradition, at a high altitude where the climate and constant breeze encourage the coffee cherries to ripen slowly. Its owner, Hugo N\u00fa\u00f1ez, acquired the estate in 2012 and has since been committed to careful and sustainable production, respecting natural ecosystems and protecting local water sources and flora. <\/p>\n<p>On the estate, the coffee trees grow under the natural shade provided by native forest species, fruit trees and musaceae, which helps to maintain biodiversity and improve the quality of the crop. Harvesting is carried out by hand, selecting only the cherries at their peak of ripeness to ensure the highest quality in the cup. <\/p>\n<p>La regi\u00f3n donde se ubica la finca forma parte de una importante zona productora de caf\u00e9 ar\u00e1bica, donde miles de familias caficultoras cultivan variedades tradicionales como Caturra o Catua\u00ed. En este contexto, productores comprometidos con la calidad, como en Las Brisas, trabajan constantemente en mejorar sus procesos y experimentar con nuevas t\u00e9cnicas para obtener caf\u00e9s m\u00e1s complejos y expresivos. <\/p>\n<p>The result is a balanced, sweet coffee with a fruity profile featuring notes of cocoa, honey, red berries and plum, accompanied by a mellow acidity and a creamy body that works very well in both espresso and filter coffee.<\/p>\n<h2>Variety<\/h2>\n<p>Bourbon Rainbow is a special selection within the Bourbon family, bringing together different expressions of this variety, known for their distinct cherry colors\u2014red, yellow, and pink. This diversity contributes to complex and highly aromatic flavor profiles in the cup. Coffees from this family are typically noted for their natural sweetness, bright acidity, and balanced texture. Thanks to its rich genetic diversity, Bourbon Rainbow delivers vibrant, fruit-forward profiles, making it a highly prized variety in specialty coffee.   <\/p>\n","protected":false},"excerpt":{"rendered":"<p>This Salvadoran coffee comes from the Apaneca-Ilamatepec region and is produced by Carlos Pola at the Las Brisas farm. It\u2019s a naturally processed Bourbon Rainbow that delivers a fruity and full-bodied cup, featuring notes of cocoa, honey, red fruits, and plum, with a honeyed acidity and a creamy texture. <\/p>\n","protected":false},"featured_media":27385,"comment_status":"open","ping_status":"closed","template":"","meta":{"site-sidebar-layout":"default","site-content-layout":"","ast-site-content-layout":"default","site-content-style":"default","site-sidebar-style":"default","ast-global-header-display":"","ast-banner-title-visibility":"","ast-main-header-display":"","ast-hfb-above-header-display":"","ast-hfb-below-header-display":"","ast-hfb-mobile-header-display":"","site-post-title":"","ast-breadcrumbs-content":"","ast-featured-img":"","footer-sml-layout":"","ast-disable-related-posts":"","theme-transparent-header-meta":"default","adv-header-id-meta":"","stick-header-meta":"","header-above-stick-meta":"","header-main-stick-meta":"","header-below-stick-meta":"","astra-migrate-meta-layouts":"default","ast-page-background-enabled":"default","ast-page-background-meta":{"desktop":{"background-color":"var(--ast-global-color-4)","background-image":"","background-repeat":"repeat","background-position":"center center","background-size":"auto","background-attachment":"scroll","background-type":"","background-media":"","overlay-type":"","overlay-color":"","overlay-opacity":"","overlay-gradient":""},"tablet":{"background-color":"","background-image":"","background-repeat":"repeat","background-position":"center center","background-size":"auto","background-attachment":"scroll","background-type":"","background-media":"","overlay-type":"","overlay-color":"","overlay-opacity":"","overlay-gradient":""},"mobile":{"background-color":"","background-image":"","background-repeat":"repeat","background-position":"center center","background-size":"auto","background-attachment":"scroll","background-type":"","background-media":"","overlay-type":"","overlay-color":"","overlay-opacity":"","overlay-gradient":""}},"ast-content-background-meta":{"desktop":{"background-color":"var(--ast-global-color-5)","background-image":"","background-repeat":"repeat","background-position":"center center","background-size":"auto","background-attachment":"scroll","background-type":"","background-media":"","overlay-type":"","overlay-color":"","overlay-opacity":"","overlay-gradient":""},"tablet":{"background-color":"var(--ast-global-color-5)","background-image":"","background-repeat":"repeat","background-position":"center center","background-size":"auto","background-attachment":"scroll","background-type":"","background-media":"","overlay-type":"","overlay-color":"","overlay-opacity":"","overlay-gradient":""},"mobile":{"background-color":"var(--ast-global-color-5)","background-image":"","background-repeat":"repeat","background-position":"center center","background-size":"auto","background-attachment":"scroll","background-type":"","background-media":"","overlay-type":"","overlay-color":"","overlay-opacity":"","overlay-gradient":""}}},"product_brand":[],"product_cat":[261,565],"product_tag":[599,263,265],"class_list":{"0":"post-27342","1":"product","2":"type-product","3":"status-publish","4":"has-post-thumbnail","6":"product_cat-our-coffees","7":"product_cat-cafe-de-especialidad-para-espresso-en","8":"product_tag-elsalvador-rainbow","9":"product_tag-espresso-en","10":"product_tag-filter","11":"desktop-align-left","12":"tablet-align-left","13":"mobile-align-left","15":"first","16":"instock","17":"taxable","18":"shipping-taxable","19":"purchasable","20":"product-type-variable","21":"has-default-attributes"},"_links":{"self":[{"href":"https:\/\/sensorial.coffee\/en\/wp-json\/wp\/v2\/product\/27342","targetHints":{"allow":["GET"]}}],"collection":[{"href":"https:\/\/sensorial.coffee\/en\/wp-json\/wp\/v2\/product"}],"about":[{"href":"https:\/\/sensorial.coffee\/en\/wp-json\/wp\/v2\/types\/product"}],"replies":[{"embeddable":true,"href":"https:\/\/sensorial.coffee\/en\/wp-json\/wp\/v2\/comments?post=27342"}],"version-history":[{"count":1,"href":"https:\/\/sensorial.coffee\/en\/wp-json\/wp\/v2\/product\/27342\/revisions"}],"predecessor-version":[{"id":27344,"href":"https:\/\/sensorial.coffee\/en\/wp-json\/wp\/v2\/product\/27342\/revisions\/27344"}],"wp:featuredmedia":[{"embeddable":true,"href":"https:\/\/sensorial.coffee\/en\/wp-json\/wp\/v2\/media\/27385"}],"wp:attachment":[{"href":"https:\/\/sensorial.coffee\/en\/wp-json\/wp\/v2\/media?parent=27342"}],"wp:term":[{"taxonomy":"product_brand","embeddable":true,"href":"https:\/\/sensorial.coffee\/en\/wp-json\/wp\/v2\/product_brand?post=27342"},{"taxonomy":"product_cat","embeddable":true,"href":"https:\/\/sensorial.coffee\/en\/wp-json\/wp\/v2\/product_cat?post=27342"},{"taxonomy":"product_tag","embeddable":true,"href":"https:\/\/sensorial.coffee\/en\/wp-json\/wp\/v2\/product_tag?post=27342"}],"curies":[{"name":"wp","href":"https:\/\/api.w.org\/{rel}","templated":true}]}}