{"id":27575,"date":"2026-03-23T14:01:17","date_gmt":"2026-03-23T13:01:17","guid":{"rendered":"https:\/\/sensorial.coffee\/producto\/daily-dose\/"},"modified":"2026-03-23T14:01:17","modified_gmt":"2026-03-23T13:01:17","slug":"daily-dose","status":"publish","type":"product","link":"https:\/\/sensorial.coffee\/en\/product\/daily-dose\/","title":{"rendered":"Daily Dose"},"content":{"rendered":"<h2>More about the Daily Dose pack<\/h2>\n<p>These origins have been carefully selected to be the perfect addition to your daily routine:<\/p>\n<ul>\n<li><strong>Kenya<\/strong>: A vibrant and complex coffee. Its washed process brings out clean notes, with a bright acidity and an aromatic profile that adds sophistication to your cup of espresso. <\/li>\n<li><strong>Colombia<\/strong>: The epitome of balance. Grown in Huila, this coffee offers an enveloping sweetness with notes of chocolate and red berries, making it ideal for a well-structured and elegant espresso. <\/li>\n<li><strong>Brazil<\/strong>: The heart of the pack. It provides the necessary body and structure, with its classic notes of chocolate and nuts and low acidity that ensures a sweet, lingering finish. <\/li>\n<\/ul>\n","protected":false},"excerpt":{"rendered":"<p>Disfruta de la rutina perfecta con nuestro pack <strong>Daily Dose<\/strong>, una selecci\u00f3n de tres or\u00edgenes ic\u00f3nicos tostados meticulosamente para resaltar en espresso. Desde la elegancia floral de Kenia hasta la redondez achocolatada de Brasil, este pack est\u00e1 dise\u00f1ado para quienes buscan equilibrio, cuerpo y una crema sedosa en cada extracci\u00f3n. Ya sea solo o con leche, transforma tu caf\u00e9 diario en una experiencia sensorial \u00fanica.  <\/p>\n","protected":false},"featured_media":27559,"comment_status":"open","ping_status":"closed","template":"","meta":{"site-sidebar-layout":"default","site-content-layout":"","ast-site-content-layout":"default","site-content-style":"default","site-sidebar-style":"default","ast-global-header-display":"","ast-banner-title-visibility":"","ast-main-header-display":"","ast-hfb-above-header-display":"","ast-hfb-below-header-display":"","ast-hfb-mobile-header-display":"","site-post-title":"","ast-breadcrumbs-content":"","ast-featured-img":"","footer-sml-layout":"","ast-disable-related-posts":"","theme-transparent-header-meta":"default","adv-header-id-meta":"","stick-header-meta":"","header-above-stick-meta":"","header-main-stick-meta":"","header-below-stick-meta":"","astra-migrate-meta-layouts":"default","ast-page-background-enabled":"default","ast-page-background-meta":{"desktop":{"background-color":"var(--ast-global-color-4)","background-image":"","background-repeat":"repeat","background-position":"center center","background-size":"auto","background-attachment":"scroll","background-type":"","background-media":"","overlay-type":"","overlay-color":"","overlay-opacity":"","overlay-gradient":""},"tablet":{"background-color":"","background-image":"","background-repeat":"repeat","background-position":"center center","background-size":"auto","background-attachment":"scroll","background-type":"","background-media":"","overlay-type":"","overlay-color":"","overlay-opacity":"","overlay-gradient":""},"mobile":{"background-color":"","background-image":"","background-repeat":"repeat","background-position":"center center","background-size":"auto","background-attachment":"scroll","background-type":"","background-media":"","overlay-type":"","overlay-color":"","overlay-opacity":"","overlay-gradient":""}},"ast-content-background-meta":{"desktop":{"background-color":"var(--ast-global-color-5)","background-image":"","background-repeat":"repeat","background-position":"center center","background-size":"auto","background-attachment":"scroll","background-type":"","background-media":"","overlay-type":"","overlay-color":"","overlay-opacity":"","overlay-gradient":""},"tablet":{"background-color":"var(--ast-global-color-5)","background-image":"","background-repeat":"repeat","background-position":"center center","background-size":"auto","background-attachment":"scroll","background-type":"","background-media":"","overlay-type":"","overlay-color":"","overlay-opacity":"","overlay-gradient":""},"mobile":{"background-color":"var(--ast-global-color-5)","background-image":"","background-repeat":"repeat","background-position":"center center","background-size":"auto","background-attachment":"scroll","background-type":"","background-media":"","overlay-type":"","overlay-color":"","overlay-opacity":"","overlay-gradient":""}}},"product_brand":[],"product_cat":[261],"product_tag":[446,263,550,391],"class_list":{"0":"post-27575","1":"product","2":"type-product","3":"status-publish","4":"has-post-thumbnail","6":"product_cat-our-coffees","7":"product_tag-colombia-en","8":"product_tag-espresso-en","9":"product_tag-kenya","10":"product_tag-espresso-pack-en","11":"desktop-align-left","12":"tablet-align-left","13":"mobile-align-left","15":"first","16":"instock","17":"sale","18":"taxable","19":"shipping-taxable","20":"purchasable","21":"product-type-variable","22":"has-default-attributes"},"_links":{"self":[{"href":"https:\/\/sensorial.coffee\/en\/wp-json\/wp\/v2\/product\/27575","targetHints":{"allow":["GET"]}}],"collection":[{"href":"https:\/\/sensorial.coffee\/en\/wp-json\/wp\/v2\/product"}],"about":[{"href":"https:\/\/sensorial.coffee\/en\/wp-json\/wp\/v2\/types\/product"}],"replies":[{"embeddable":true,"href":"https:\/\/sensorial.coffee\/en\/wp-json\/wp\/v2\/comments?post=27575"}],"version-history":[{"count":0,"href":"https:\/\/sensorial.coffee\/en\/wp-json\/wp\/v2\/product\/27575\/revisions"}],"wp:featuredmedia":[{"embeddable":true,"href":"https:\/\/sensorial.coffee\/en\/wp-json\/wp\/v2\/media\/27559"}],"wp:attachment":[{"href":"https:\/\/sensorial.coffee\/en\/wp-json\/wp\/v2\/media?parent=27575"}],"wp:term":[{"taxonomy":"product_brand","embeddable":true,"href":"https:\/\/sensorial.coffee\/en\/wp-json\/wp\/v2\/product_brand?post=27575"},{"taxonomy":"product_cat","embeddable":true,"href":"https:\/\/sensorial.coffee\/en\/wp-json\/wp\/v2\/product_cat?post=27575"},{"taxonomy":"product_tag","embeddable":true,"href":"https:\/\/sensorial.coffee\/en\/wp-json\/wp\/v2\/product_tag?post=27575"}],"curies":[{"name":"wp","href":"https:\/\/api.w.org\/{rel}","templated":true}]}}