{"id":27985,"date":"2026-04-27T07:21:59","date_gmt":"2026-04-27T06:21:59","guid":{"rendered":"https:\/\/sensorial.coffee\/?post_type=product&#038;p=27985"},"modified":"2026-04-27T10:33:03","modified_gmt":"2026-04-27T09:33:03","slug":"rancilio-silvia-white","status":"publish","type":"product","link":"https:\/\/sensorial.coffee\/en\/product\/rancilio-silvia-white\/","title":{"rendered":"Rancilio Silvia White"},"content":{"rendered":"<p>Un estilo profesional. El placer de un perfecto espresso profesional est\u00e1 al alcance de sus manos en cualquier momento del d\u00eda. Influenciada por el dise\u00f1o moderno, Silvia es perfecta en cualquier ambiente y ofrece niveles absolutamente profesionales de rendimiento y fiabilidad. Gracias a Silvia, ya no tendr\u00e1 que elegir entre estilo y funcionalidad o dise\u00f1o y rendimiento. Experimente el placer de un perfecto espresso.<\/p>\n<p>Distribuidor Oficial Rancilio. Servicio T\u00e9cnico Oficial.<br \/>\nGarant\u00eda del fabricante durante 2 a\u00f1os contra defectos de fabricaci\u00f3n. La garantia no cubre los da\u00f1os derivados de una instalaci\u00f3n o mantenimiento incorrectos.<\/p>\n","protected":false},"excerpt":{"rendered":"<p>CARACTER\u00cdSTICAS PRINCIPALES<br \/>\n1. Tecnolog\u00eda Rancilio en solo 23 cm<br \/>\n2. Cuerpo de acero inoxidable<br \/>\n3. Panel de control intuitivo<br \/>\n4. Filtro de caf\u00e9 de 14 gr y 18 gr<br \/>\n5. Dep\u00f3sito de agua incorporado de 2 litros, f\u00e1cil de desmontar para su limpieza<br \/>\n6. Bandeja recogegotas y bandeja para tazas de acero inoxidable, f\u00e1ciles de desmontar para su limpieza<br \/>\n7. Caldera aislada de bajo consumo<br \/>\n8. Prensador profesional: madera negra con base plana de acero inoxidable de 58 mm<br \/>\n9. Recomendada para el hogar y la oficina<\/p>\n<p>Incluye:<\/p>\n<p>1 PORTAFILTRO PARA DOS CAF\u00c9S<\/p>\n<p>FILTROS DE 8,5 g Y 16 g<\/p>\n<p>CUCHARA DE PL\u00c1STICO MEDIDORA DE CAF\u00c9<\/p>\n<p>1 MEMBRANA CIEGA PARA LIMPIEZA<\/p>\n<p>Medidas: 235 x 290 x 340 mm \/ 9.2 x 11.4 x 13.4 in<br \/>\nPeso: 14 kg \/ 30.9 lb<br \/>\nPotencia Total :950W (@120V) \/ 1150W (@230V)<br \/>\nTensi\u00f3n: 120V or 220-240V<br \/>\nFrecuencia: 50-60 Hz<br \/>\nCapacidad de la caldera: 0.3 l \/ 10.5 oz UK \/ 10.1 oz US<br \/>\nDep\u00f3sito de agua: 2 l \/ 70.4 oz UK \/ 67.6 oz US<br \/>\nNivel de ruido durante el uso: &lt; 70 db<\/p>\n<p>https:\/\/www.youtube.com\/watch?v=YfgHMFrB8zU<\/p>\n<p>&nbsp;<\/p>\n","protected":false},"featured_media":27986,"comment_status":"open","ping_status":"closed","template":"","meta":{"site-sidebar-layout":"default","site-content-layout":"","ast-site-content-layout":"default","site-content-style":"default","site-sidebar-style":"default","ast-global-header-display":"","ast-banner-title-visibility":"","ast-main-header-display":"","ast-hfb-above-header-display":"","ast-hfb-below-header-display":"","ast-hfb-mobile-header-display":"","site-post-title":"","ast-breadcrumbs-content":"","ast-featured-img":"","footer-sml-layout":"","ast-disable-related-posts":"","theme-transparent-header-meta":"default","adv-header-id-meta":"","stick-header-meta":"","header-above-stick-meta":"","header-main-stick-meta":"","header-below-stick-meta":"","astra-migrate-meta-layouts":"set","ast-page-background-enabled":"default","ast-page-background-meta":{"desktop":{"background-color":"var(--ast-global-color-4)","background-image":"","background-repeat":"repeat","background-position":"center center","background-size":"auto","background-attachment":"scroll","background-type":"","background-media":"","overlay-type":"","overlay-color":"","overlay-opacity":"","overlay-gradient":""},"tablet":{"background-color":"","background-image":"","background-repeat":"repeat","background-position":"center center","background-size":"auto","background-attachment":"scroll","background-type":"","background-media":"","overlay-type":"","overlay-color":"","overlay-opacity":"","overlay-gradient":""},"mobile":{"background-color":"","background-image":"","background-repeat":"repeat","background-position":"center center","background-size":"auto","background-attachment":"scroll","background-type":"","background-media":"","overlay-type":"","overlay-color":"","overlay-opacity":"","overlay-gradient":""}},"ast-content-background-meta":{"desktop":{"background-color":"var(--ast-global-color-5)","background-image":"","background-repeat":"repeat","background-position":"center center","background-size":"auto","background-attachment":"scroll","background-type":"","background-media":"","overlay-type":"","overlay-color":"","overlay-opacity":"","overlay-gradient":""},"tablet":{"background-color":"var(--ast-global-color-5)","background-image":"","background-repeat":"repeat","background-position":"center center","background-size":"auto","background-attachment":"scroll","background-type":"","background-media":"","overlay-type":"","overlay-color":"","overlay-opacity":"","overlay-gradient":""},"mobile":{"background-color":"var(--ast-global-color-5)","background-image":"","background-repeat":"repeat","background-position":"center center","background-size":"auto","background-attachment":"scroll","background-type":"","background-media":"","overlay-type":"","overlay-color":"","overlay-opacity":"","overlay-gradient":""}}},"product_brand":[],"product_cat":[101,100],"product_tag":[586,587,105],"class_list":{"0":"post-27985","1":"product","2":"type-product","3":"status-publish","4":"has-post-thumbnail","6":"product_cat-cafeteras","7":"product_cat-equipamiento","8":"product_tag-accesorios","9":"product_tag-cafeteras","10":"product_tag-equipamiento","11":"desktop-align-left","12":"tablet-align-left","13":"mobile-align-left","15":"first","16":"instock","17":"sale","18":"taxable","19":"shipping-taxable","20":"purchasable","21":"product-type-simple"},"_links":{"self":[{"href":"https:\/\/sensorial.coffee\/en\/wp-json\/wp\/v2\/product\/27985","targetHints":{"allow":["GET"]}}],"collection":[{"href":"https:\/\/sensorial.coffee\/en\/wp-json\/wp\/v2\/product"}],"about":[{"href":"https:\/\/sensorial.coffee\/en\/wp-json\/wp\/v2\/types\/product"}],"replies":[{"embeddable":true,"href":"https:\/\/sensorial.coffee\/en\/wp-json\/wp\/v2\/comments?post=27985"}],"version-history":[{"count":5,"href":"https:\/\/sensorial.coffee\/en\/wp-json\/wp\/v2\/product\/27985\/revisions"}],"predecessor-version":[{"id":28039,"href":"https:\/\/sensorial.coffee\/en\/wp-json\/wp\/v2\/product\/27985\/revisions\/28039"}],"wp:featuredmedia":[{"embeddable":true,"href":"https:\/\/sensorial.coffee\/en\/wp-json\/wp\/v2\/media\/27986"}],"wp:attachment":[{"href":"https:\/\/sensorial.coffee\/en\/wp-json\/wp\/v2\/media?parent=27985"}],"wp:term":[{"taxonomy":"product_brand","embeddable":true,"href":"https:\/\/sensorial.coffee\/en\/wp-json\/wp\/v2\/product_brand?post=27985"},{"taxonomy":"product_cat","embeddable":true,"href":"https:\/\/sensorial.coffee\/en\/wp-json\/wp\/v2\/product_cat?post=27985"},{"taxonomy":"product_tag","embeddable":true,"href":"https:\/\/sensorial.coffee\/en\/wp-json\/wp\/v2\/product_tag?post=27985"}],"curies":[{"name":"wp","href":"https:\/\/api.w.org\/{rel}","templated":true}]}}