{"id":28218,"date":"2026-05-02T19:02:46","date_gmt":"2026-05-02T18:02:46","guid":{"rendered":"https:\/\/sensorial.coffee\/?post_type=product&#038;p=28218"},"modified":"2026-05-02T19:05:55","modified_gmt":"2026-05-02T18:05:55","slug":"lelit-fred-prima","status":"publish","type":"product","link":"https:\/\/sensorial.coffee\/en\/product\/lelit-fred-prima\/","title":{"rendered":"Lelit Fred Prima"},"content":{"rendered":"<p>Lelit Fred Prima es un molinillo de caf\u00e9 on-demand que ofrece un alto rendimiento en un tama\u00f1o muy reducido: garantiza un molido constante y preciso, gracias al ajuste microm\u00e9trico continuo.<\/p>\n","protected":false},"excerpt":{"rendered":"<p><strong>Muelas c\u00f3nicas<\/strong><\/p>\n<p>Extraordinarias muelas c\u00f3nicas de \u00d838 mm que realizan un molido vertical, para un resultado preciso y constante.<\/p>\n<p><strong>Microrregulaci\u00f3n<\/strong><\/p>\n<p>El ajuste microm\u00e9trico continuo se puede ajustar mediante el mando lateral, que permite regular con precisi\u00f3n el grado de molienda. La tolva de granos dispone de una escala de granulometr\u00eda que var\u00eda de la m\u00e1s fina (uno) a la m\u00e1s gruesa (siete).<\/p>\n<p><strong>Dosificaci\u00f3n manual<\/strong><\/p>\n<p>Para empezar a moler, pulsa el bot\u00f3n central de molido con el portafiltro. Una vez obtenida la cantidad de caf\u00e9 que te gusta, s\u00f3lo tienes que soltar el bot\u00f3n.<\/p>\n<p><strong>Consejos para la tolva<\/strong><\/p>\n<p>El color ahumado de la tolva protege los granos de posibles alteraciones causadas por la luz. La tapa de cierre impide el paso del aire y la consiguiente posibilidad de que los granos se humedezcan.<\/p>\n<p><strong>Carrocer\u00eda pulida<\/strong><\/p>\n<p>La carrocer\u00eda, la salida de caf\u00e9, el soporte del portafiltro y el bot\u00f3n de molido est\u00e1n fabricados \u00edntegramente en acero inoxidable pulido, un material que garantiza una resistencia extrema a la corrosi\u00f3n y al calor.<\/p>\n<p>&nbsp;<\/p>\n<p>Muelas c\u00f3nicas \u00d8 38 mm<\/p>\n<p>Carrocer\u00eda de acero inoxidable pulido<\/p>\n<p>Salida de caf\u00e9 y soporte del portafiltro<\/p>\n<p>250 g<\/p>\n<p>230 V 50 Hz | Tipo de conector E+F<\/p>\n<p>14x18x30,5 cm<\/p>\n<p>2,42 kg<\/p>\n<p>https:\/\/www.youtube.com\/watch?v=cou1FTRlE-Q<\/p>\n","protected":false},"featured_media":28219,"comment_status":"open","ping_status":"closed","template":"","meta":{"site-sidebar-layout":"default","site-content-layout":"","ast-site-content-layout":"default","site-content-style":"default","site-sidebar-style":"default","ast-global-header-display":"","ast-banner-title-visibility":"","ast-main-header-display":"","ast-hfb-above-header-display":"","ast-hfb-below-header-display":"","ast-hfb-mobile-header-display":"","site-post-title":"","ast-breadcrumbs-content":"","ast-featured-img":"","footer-sml-layout":"","ast-disable-related-posts":"","theme-transparent-header-meta":"default","adv-header-id-meta":"","stick-header-meta":"","header-above-stick-meta":"","header-main-stick-meta":"","header-below-stick-meta":"","astra-migrate-meta-layouts":"set","ast-page-background-enabled":"default","ast-page-background-meta":{"desktop":{"background-color":"var(--ast-global-color-4)","background-image":"","background-repeat":"repeat","background-position":"center center","background-size":"auto","background-attachment":"scroll","background-type":"","background-media":"","overlay-type":"","overlay-color":"","overlay-opacity":"","overlay-gradient":""},"tablet":{"background-color":"","background-image":"","background-repeat":"repeat","background-position":"center center","background-size":"auto","background-attachment":"scroll","background-type":"","background-media":"","overlay-type":"","overlay-color":"","overlay-opacity":"","overlay-gradient":""},"mobile":{"background-color":"","background-image":"","background-repeat":"repeat","background-position":"center center","background-size":"auto","background-attachment":"scroll","background-type":"","background-media":"","overlay-type":"","overlay-color":"","overlay-opacity":"","overlay-gradient":""}},"ast-content-background-meta":{"desktop":{"background-color":"var(--ast-global-color-5)","background-image":"","background-repeat":"repeat","background-position":"center center","background-size":"auto","background-attachment":"scroll","background-type":"","background-media":"","overlay-type":"","overlay-color":"","overlay-opacity":"","overlay-gradient":""},"tablet":{"background-color":"var(--ast-global-color-5)","background-image":"","background-repeat":"repeat","background-position":"center center","background-size":"auto","background-attachment":"scroll","background-type":"","background-media":"","overlay-type":"","overlay-color":"","overlay-opacity":"","overlay-gradient":""},"mobile":{"background-color":"var(--ast-global-color-5)","background-image":"","background-repeat":"repeat","background-position":"center center","background-size":"auto","background-attachment":"scroll","background-type":"","background-media":"","overlay-type":"","overlay-color":"","overlay-opacity":"","overlay-gradient":""}}},"product_brand":[],"product_cat":[102],"product_tag":[105,48],"class_list":{"0":"post-28218","1":"product","2":"type-product","3":"status-publish","4":"has-post-thumbnail","6":"product_cat-molinillos-de-cafe","7":"product_tag-equipamiento","8":"product_tag-molinillo","9":"desktop-align-left","10":"tablet-align-left","11":"mobile-align-left","13":"first","14":"instock","15":"taxable","16":"shipping-taxable","17":"purchasable","18":"product-type-simple"},"_links":{"self":[{"href":"https:\/\/sensorial.coffee\/en\/wp-json\/wp\/v2\/product\/28218","targetHints":{"allow":["GET"]}}],"collection":[{"href":"https:\/\/sensorial.coffee\/en\/wp-json\/wp\/v2\/product"}],"about":[{"href":"https:\/\/sensorial.coffee\/en\/wp-json\/wp\/v2\/types\/product"}],"replies":[{"embeddable":true,"href":"https:\/\/sensorial.coffee\/en\/wp-json\/wp\/v2\/comments?post=28218"}],"version-history":[{"count":4,"href":"https:\/\/sensorial.coffee\/en\/wp-json\/wp\/v2\/product\/28218\/revisions"}],"predecessor-version":[{"id":28246,"href":"https:\/\/sensorial.coffee\/en\/wp-json\/wp\/v2\/product\/28218\/revisions\/28246"}],"wp:featuredmedia":[{"embeddable":true,"href":"https:\/\/sensorial.coffee\/en\/wp-json\/wp\/v2\/media\/28219"}],"wp:attachment":[{"href":"https:\/\/sensorial.coffee\/en\/wp-json\/wp\/v2\/media?parent=28218"}],"wp:term":[{"taxonomy":"product_brand","embeddable":true,"href":"https:\/\/sensorial.coffee\/en\/wp-json\/wp\/v2\/product_brand?post=28218"},{"taxonomy":"product_cat","embeddable":true,"href":"https:\/\/sensorial.coffee\/en\/wp-json\/wp\/v2\/product_cat?post=28218"},{"taxonomy":"product_tag","embeddable":true,"href":"https:\/\/sensorial.coffee\/en\/wp-json\/wp\/v2\/product_tag?post=28218"}],"curies":[{"name":"wp","href":"https:\/\/api.w.org\/{rel}","templated":true}]}}