{"id":28333,"date":"2026-05-02T19:50:42","date_gmt":"2026-05-02T18:50:42","guid":{"rendered":"https:\/\/sensorial.coffee\/?post_type=product&#038;p=28333"},"modified":"2026-05-02T19:52:04","modified_gmt":"2026-05-02T18:52:04","slug":"profitec-twist-sd54-inox-polished","status":"publish","type":"product","link":"https:\/\/sensorial.coffee\/en\/product\/profitec-twist-sd54-inox-polished\/","title":{"rendered":"Profitec Twist SD54 Inox Polished"},"content":{"rendered":"<p>La Profitec TWIST SD54 permite obtener resultados de molienda precisos y reproducibles de la m\u00e1s alta calidad. La funci\u00f3n de dosificaci\u00f3n individual permite obtener el caf\u00e9 molido m\u00e1s fresco en el portafiltro, sin perder aroma ni caf\u00e9 molido.<\/p>\n<p>Simplemente pese los granos en el vaso dosificador, vi\u00e9rtalos en el filtro de caf\u00e9, cierre la tapa y vuelva a colocar el vaso dosificador sobre el nivelador integrado. El im\u00e1n del vaso dosificador garantiza su estabilidad y evita que se vuelque. Tras el proceso de molienda, unas pocas pulsaciones en el filtro de caf\u00e9 liberan las part\u00edculas de caf\u00e9 que quedan en la c\u00e1mara de molienda. Coloque el portafiltro sobre el vaso dosificador, g\u00edrelo y utilice el nivelador para distribuir el caf\u00e9 molido uniformemente.<\/p>\n<p>Solo queda compactar, preparar y disfrutar.<\/p>\n<p>Las fresas de acero tienen un di\u00e1metro de 54 mm y el grado de molienda es ajustable sin escalonamientos.<\/p>\n","protected":false},"excerpt":{"rendered":"<p><strong>Datos t\u00e9cnicos<\/strong><\/p>\n<ul>\n<li>Fuelle de caf\u00e9<\/li>\n<li>Dep\u00f3sito dosificador con im\u00e1n integrado<\/li>\n<li>Nivelador<\/li>\n<li>Ajuste continuo del grado de molienda<\/li>\n<li>Discos de molienda de acero, \u00f8 54 mm<\/li>\n<li>Molino de aluminio<\/li>\n<li>Dise\u00f1o compacto<\/li>\n<li>Velocidad: 1400 rpm<\/li>\n<li>Ciclo de molienda: Tiempo de encendido: 10 s. Tiempo de apagado: 80 s.<\/li>\n<li>Voltaje: 230 V\/50 Hz<\/li>\n<li>Potencia del motor: 235 W<\/li>\n<li>Dimensiones (An. x Pr. x Al.): 120 x 225 x 345 mm<\/li>\n<li>Peso: 7 kg (incl. fuelle de caf\u00e9, dep\u00f3sito dosificador y nivelador)<\/li>\n<\/ul>\n<p><strong>Incluido en la entrega<\/strong><\/p>\n<ul>\n<li>1 molinillo con fuelle de caf\u00e9 y tapa<\/li>\n<li>1 vaso dosificador<\/li>\n<li>1 nivelador<\/li>\n<li>1 manual de instrucciones<\/li>\n<\/ul>\n","protected":false},"featured_media":28301,"comment_status":"open","ping_status":"closed","template":"","meta":{"site-sidebar-layout":"default","site-content-layout":"","ast-site-content-layout":"default","site-content-style":"default","site-sidebar-style":"default","ast-global-header-display":"","ast-banner-title-visibility":"","ast-main-header-display":"","ast-hfb-above-header-display":"","ast-hfb-below-header-display":"","ast-hfb-mobile-header-display":"","site-post-title":"","ast-breadcrumbs-content":"","ast-featured-img":"","footer-sml-layout":"","ast-disable-related-posts":"","theme-transparent-header-meta":"default","adv-header-id-meta":"","stick-header-meta":"","header-above-stick-meta":"","header-main-stick-meta":"","header-below-stick-meta":"","astra-migrate-meta-layouts":"set","ast-page-background-enabled":"default","ast-page-background-meta":{"desktop":{"background-color":"var(--ast-global-color-4)","background-image":"","background-repeat":"repeat","background-position":"center center","background-size":"auto","background-attachment":"scroll","background-type":"","background-media":"","overlay-type":"","overlay-color":"","overlay-opacity":"","overlay-gradient":""},"tablet":{"background-color":"","background-image":"","background-repeat":"repeat","background-position":"center center","background-size":"auto","background-attachment":"scroll","background-type":"","background-media":"","overlay-type":"","overlay-color":"","overlay-opacity":"","overlay-gradient":""},"mobile":{"background-color":"","background-image":"","background-repeat":"repeat","background-position":"center center","background-size":"auto","background-attachment":"scroll","background-type":"","background-media":"","overlay-type":"","overlay-color":"","overlay-opacity":"","overlay-gradient":""}},"ast-content-background-meta":{"desktop":{"background-color":"var(--ast-global-color-5)","background-image":"","background-repeat":"repeat","background-position":"center center","background-size":"auto","background-attachment":"scroll","background-type":"","background-media":"","overlay-type":"","overlay-color":"","overlay-opacity":"","overlay-gradient":""},"tablet":{"background-color":"var(--ast-global-color-5)","background-image":"","background-repeat":"repeat","background-position":"center center","background-size":"auto","background-attachment":"scroll","background-type":"","background-media":"","overlay-type":"","overlay-color":"","overlay-opacity":"","overlay-gradient":""},"mobile":{"background-color":"var(--ast-global-color-5)","background-image":"","background-repeat":"repeat","background-position":"center center","background-size":"auto","background-attachment":"scroll","background-type":"","background-media":"","overlay-type":"","overlay-color":"","overlay-opacity":"","overlay-gradient":""}}},"product_brand":[],"product_cat":[100,102],"product_tag":[105,48],"class_list":{"0":"post-28333","1":"product","2":"type-product","3":"status-publish","4":"has-post-thumbnail","6":"product_cat-equipamiento","7":"product_cat-molinillos-de-cafe","8":"product_tag-equipamiento","9":"product_tag-molinillo","10":"desktop-align-left","11":"tablet-align-left","12":"mobile-align-left","14":"first","15":"instock","16":"taxable","17":"shipping-taxable","18":"purchasable","19":"product-type-simple"},"_links":{"self":[{"href":"https:\/\/sensorial.coffee\/en\/wp-json\/wp\/v2\/product\/28333","targetHints":{"allow":["GET"]}}],"collection":[{"href":"https:\/\/sensorial.coffee\/en\/wp-json\/wp\/v2\/product"}],"about":[{"href":"https:\/\/sensorial.coffee\/en\/wp-json\/wp\/v2\/types\/product"}],"replies":[{"embeddable":true,"href":"https:\/\/sensorial.coffee\/en\/wp-json\/wp\/v2\/comments?post=28333"}],"version-history":[{"count":2,"href":"https:\/\/sensorial.coffee\/en\/wp-json\/wp\/v2\/product\/28333\/revisions"}],"predecessor-version":[{"id":28338,"href":"https:\/\/sensorial.coffee\/en\/wp-json\/wp\/v2\/product\/28333\/revisions\/28338"}],"wp:featuredmedia":[{"embeddable":true,"href":"https:\/\/sensorial.coffee\/en\/wp-json\/wp\/v2\/media\/28301"}],"wp:attachment":[{"href":"https:\/\/sensorial.coffee\/en\/wp-json\/wp\/v2\/media?parent=28333"}],"wp:term":[{"taxonomy":"product_brand","embeddable":true,"href":"https:\/\/sensorial.coffee\/en\/wp-json\/wp\/v2\/product_brand?post=28333"},{"taxonomy":"product_cat","embeddable":true,"href":"https:\/\/sensorial.coffee\/en\/wp-json\/wp\/v2\/product_cat?post=28333"},{"taxonomy":"product_tag","embeddable":true,"href":"https:\/\/sensorial.coffee\/en\/wp-json\/wp\/v2\/product_tag?post=28333"}],"curies":[{"name":"wp","href":"https:\/\/api.w.org\/{rel}","templated":true}]}}