{"id":28361,"date":"2026-05-02T20:16:20","date_gmt":"2026-05-02T19:16:20","guid":{"rendered":"https:\/\/sensorial.coffee\/?post_type=product&#038;p=28361"},"modified":"2026-05-03T19:32:35","modified_gmt":"2026-05-03T18:32:35","slug":"moccamaster-molinillo-electrico-km5-negro","status":"publish","type":"product","link":"https:\/\/sensorial.coffee\/en\/product\/moccamaster-molinillo-electrico-km5-negro\/","title":{"rendered":"Moccamaster Molinillo El\u00e9ctrico KM5 Negro"},"content":{"rendered":"<div id=\"description\" class=\"data item content\" role=\"tabpanel\" aria-labelledby=\"tab-label-description\" data-role=\"content\" aria-hidden=\"false\">\n<div class=\"value more\">El Moccamaster KM5 molinillo de caf\u00e9 es la incorporaci\u00f3n m\u00e1s reciente a la familia Moccamaster y todo un buque insignia. Este molinillo de caf\u00e9 hecho a mano ha sido completamente renovado y est\u00e1 fabricado con la calidad que esperas de Moccamaster. Su dise\u00f1o es robusto, hecho a mano e ic\u00f3nico, y combina a la perfecci\u00f3n con las emblem\u00e1ticas cafeteras Moccamaster. Ahora puedes disfrutar a\u00fan m\u00e1s del verdadero sabor del caf\u00e9.<\/p>\n<p><strong>Distintivo y \u00fanico<\/strong><br \/>\nGracias a su tecnolog\u00eda precisa, el KM5 te permite moler tus granos de caf\u00e9 favoritos con una uniformidad excepcional. Sus muelas de acero proporcionan una molienda constante y precisa, y est\u00e1n dise\u00f1adas para durar muchos a\u00f1os. Adem\u00e1s, el mando giratorio permite ajustar la molienda de forma continua, por lo que tambi\u00e9n puede utilizarse con otros m\u00e9todos de preparaci\u00f3n. Atenci\u00f3n: este molinillo no es apto para moler caf\u00e9 para espresso.<br \/>\nEl KM5 cuenta con un potente motor que funciona de manera silenciosa y eficiente. Puede moler 60 gramos de caf\u00e9 en menos de 30 segundos. Gracias a su boquilla especialmente dise\u00f1ada, no hay salpicaduras y se reduce la electricidad est\u00e1tica del caf\u00e9 molido, lo que proporciona una experiencia de molienda m\u00e1s limpia.<\/p>\n<p><strong>Dise\u00f1ado para una larga vida<\/strong><br \/>\nAl igual que las cafeteras Moccamaster, el molinillo est\u00e1 fabricado con materiales europeos de alta calidad, para garantizar una larga vida \u00fatil. Para asegurar esa calidad, Moccamaster ofrece 5 a\u00f1os de garant\u00eda en cada aparato. As\u00ed puedes disfrutar durante m\u00e1s tiempo de un caf\u00e9 perfectamente preparado y de su dise\u00f1o elegante.<\/p>\n<p><strong>Ventajas:<\/strong><br \/>\n\u2022 R\u00e1pido: 60 gramos de caf\u00e9 en menos de 30 segundos<br \/>\n\u2022 Baja retenci\u00f3n<br \/>\n\u2022 Ajuste continuo: el mando giratorio permite encontrar el punto de molienda perfecto<br \/>\n\u2022 Vers\u00e1til: apto para distintos m\u00e9todos de preparaci\u00f3n<br \/>\n\u2022 Dise\u00f1o ic\u00f3nico Moccamaster, disponible en tres colores<br \/>\n\u2022 Hecho a mano en los Pa\u00edses Bajos con materiales de alta calidad<br \/>\n\u2022 5 a\u00f1os de garant\u00eda: reparable y todas las piezas est\u00e1n disponibles por separado<br \/>\n\u2022 Certificado por el European Coffee Brewing Center (ECBC)<\/div>\n<\/div>\n","protected":false},"excerpt":{"rendered":"<p>Dimensiones: L 21,1 cm, A 12,8 cm, H 32,3 cm Longitud del cable: 100 cm Peso: 4,6 kg Potencia: 310 W Voltaje: 230 V Frecuencia: 50 Hz Enchufe: Tipo EU C\/F Material: Metal \/ Pl\u00e1stico (Libre de BPA\/BPS\/BPF y ftalatos) Muelas: 50 mm Capacidad del dep\u00f3sito de granos: 675 ml \/ 250 g Dep\u00f3sito de recogida: 275 ml \/ 100 g Certificaciones: ECBC Garant\u00eda: 5 a\u00f1os C\u00f3digo EAN: 8712072 495005<\/p>\n<p><strong>\u00bfQu\u00e9 incluye la caja?:<\/strong><\/p>\n<p>\u2022 Moccamaster KM5 Burr Grinder<\/p>\n<p>\u2022 Recipiente de vidrio para recoger el caf\u00e9 molido<\/p>\n<p>\u2022 Tapa de goma para moler<\/p>\n<p>\u2022 Tapa de goma para conservar el caf\u00e9<\/p>\n<p>\u2022 Tapa del dep\u00f3sito de granos<\/p>\n<p>\u2022 Cuchara dosificadora<\/p>\n<p>\u2022 Manual de instrucciones<\/p>\n<p><strong>Propiedades:<\/strong><\/p>\n<p>\u2022 Base antideslizante<\/p>\n<p>\u2022 Manejo sencillo<\/p>\n<p>\u2022 Uso vers\u00e1til para diferentes m\u00e9todos de preparaci\u00f3n<\/p>\n<p>\u2022 Dep\u00f3sito grande para almacenar granos<\/p>\n<p>\u2022 Reparabilidad<\/p>\n<p>https:\/\/youtu.be\/37S0Y2Fq7EM?si=T0f2KFHPuhmzagJd<\/p>\n","protected":false},"featured_media":28368,"comment_status":"open","ping_status":"closed","template":"","meta":{"site-sidebar-layout":"default","site-content-layout":"","ast-site-content-layout":"default","site-content-style":"default","site-sidebar-style":"default","ast-global-header-display":"","ast-banner-title-visibility":"","ast-main-header-display":"","ast-hfb-above-header-display":"","ast-hfb-below-header-display":"","ast-hfb-mobile-header-display":"","site-post-title":"","ast-breadcrumbs-content":"","ast-featured-img":"","footer-sml-layout":"","ast-disable-related-posts":"","theme-transparent-header-meta":"default","adv-header-id-meta":"","stick-header-meta":"","header-above-stick-meta":"","header-main-stick-meta":"","header-below-stick-meta":"","astra-migrate-meta-layouts":"set","ast-page-background-enabled":"default","ast-page-background-meta":{"desktop":{"background-color":"var(--ast-global-color-4)","background-image":"","background-repeat":"repeat","background-position":"center center","background-size":"auto","background-attachment":"scroll","background-type":"","background-media":"","overlay-type":"","overlay-color":"","overlay-opacity":"","overlay-gradient":""},"tablet":{"background-color":"","background-image":"","background-repeat":"repeat","background-position":"center center","background-size":"auto","background-attachment":"scroll","background-type":"","background-media":"","overlay-type":"","overlay-color":"","overlay-opacity":"","overlay-gradient":""},"mobile":{"background-color":"","background-image":"","background-repeat":"repeat","background-position":"center center","background-size":"auto","background-attachment":"scroll","background-type":"","background-media":"","overlay-type":"","overlay-color":"","overlay-opacity":"","overlay-gradient":""}},"ast-content-background-meta":{"desktop":{"background-color":"var(--ast-global-color-5)","background-image":"","background-repeat":"repeat","background-position":"center center","background-size":"auto","background-attachment":"scroll","background-type":"","background-media":"","overlay-type":"","overlay-color":"","overlay-opacity":"","overlay-gradient":""},"tablet":{"background-color":"var(--ast-global-color-5)","background-image":"","background-repeat":"repeat","background-position":"center center","background-size":"auto","background-attachment":"scroll","background-type":"","background-media":"","overlay-type":"","overlay-color":"","overlay-opacity":"","overlay-gradient":""},"mobile":{"background-color":"var(--ast-global-color-5)","background-image":"","background-repeat":"repeat","background-position":"center center","background-size":"auto","background-attachment":"scroll","background-type":"","background-media":"","overlay-type":"","overlay-color":"","overlay-opacity":"","overlay-gradient":""}}},"product_brand":[],"product_cat":[100,102],"product_tag":[105,48],"class_list":{"0":"post-28361","1":"product","2":"type-product","3":"status-publish","4":"has-post-thumbnail","6":"product_cat-equipamiento","7":"product_cat-molinillos-de-cafe","8":"product_tag-equipamiento","9":"product_tag-molinillo","10":"desktop-align-left","11":"tablet-align-left","12":"mobile-align-left","14":"first","15":"instock","16":"taxable","17":"shipping-taxable","18":"purchasable","19":"product-type-simple"},"_links":{"self":[{"href":"https:\/\/sensorial.coffee\/en\/wp-json\/wp\/v2\/product\/28361","targetHints":{"allow":["GET"]}}],"collection":[{"href":"https:\/\/sensorial.coffee\/en\/wp-json\/wp\/v2\/product"}],"about":[{"href":"https:\/\/sensorial.coffee\/en\/wp-json\/wp\/v2\/types\/product"}],"replies":[{"embeddable":true,"href":"https:\/\/sensorial.coffee\/en\/wp-json\/wp\/v2\/comments?post=28361"}],"version-history":[{"count":2,"href":"https:\/\/sensorial.coffee\/en\/wp-json\/wp\/v2\/product\/28361\/revisions"}],"predecessor-version":[{"id":28375,"href":"https:\/\/sensorial.coffee\/en\/wp-json\/wp\/v2\/product\/28361\/revisions\/28375"}],"wp:featuredmedia":[{"embeddable":true,"href":"https:\/\/sensorial.coffee\/en\/wp-json\/wp\/v2\/media\/28368"}],"wp:attachment":[{"href":"https:\/\/sensorial.coffee\/en\/wp-json\/wp\/v2\/media?parent=28361"}],"wp:term":[{"taxonomy":"product_brand","embeddable":true,"href":"https:\/\/sensorial.coffee\/en\/wp-json\/wp\/v2\/product_brand?post=28361"},{"taxonomy":"product_cat","embeddable":true,"href":"https:\/\/sensorial.coffee\/en\/wp-json\/wp\/v2\/product_cat?post=28361"},{"taxonomy":"product_tag","embeddable":true,"href":"https:\/\/sensorial.coffee\/en\/wp-json\/wp\/v2\/product_tag?post=28361"}],"curies":[{"name":"wp","href":"https:\/\/api.w.org\/{rel}","templated":true}]}}